{"id":5097,"date":"2025-05-24T17:33:31","date_gmt":"2025-05-24T17:33:31","guid":{"rendered":"https:\/\/antekgroup.vn\/?post_type=product&#038;p=5097"},"modified":"2025-05-24T17:48:53","modified_gmt":"2025-05-24T17:48:53","slug":"atgw-090-poe-smart-hub-voi-khe-cam-the-sim-doi","status":"publish","type":"product","link":"https:\/\/antekgroup.vn\/vi\/product\/atgw-090-poe-smart-hub-voi-khe-cam-the-sim-doi\/","title":{"rendered":"ATGW-090 PoE Smart Hub v\u1edbi Khe C\u1eafm Th\u1ebb SIM \u0110\u00f4i"},"content":{"rendered":"<div>\n<h2><b>T\u1ed5ng Quan Nhanh v\u1ec1 ATGW-090 Smart Hub (BLE\/Zigbee\/Wi-Fi\/LTE Cat1)<\/b><\/h2>\n<\/div>\n<div>\n<p><span style=\"font-weight: 400;\">ATGW-090 l\u00e0 m\u1ed9t thi\u1ebft b\u1ecb smart hub \u0111\u01b0\u1ee3c thi\u1ebft k\u1ebf t\u1ec9 m\u1ec9 nh\u1eb1m n\u00e2ng cao tr\u1ea3i nghi\u1ec7m s\u1ed1ng th\u00f4ng minh. Thi\u1ebft b\u1ecb \u0111\u01b0\u1ee3c trang b\u1ecb b\u1ed9 x\u1eed l\u00fd Wi-Fi m\u1ea1nh m\u1ebd MT7628AN, c\u00f9ng v\u1edbi khe c\u1eafm th\u1ebb SIM \u0111\u00f4i \u0111\u1ec3 \u0111\u1ea3m b\u1ea3o k\u1ebft n\u1ed1i nhanh ch\u00f3ng v\u00e0 \u1ed5n \u0111\u1ecbnh ngay c\u1ea3 khi m\u1ea1ng g\u1eb7p s\u1ef1 c\u1ed1.<\/span><\/p>\n<p><span style=\"font-weight: 400;\">ATGW-090 c\u0169ng l\u00e0 m\u1ed9t c\u1ed5ng PoE v\u1edbi k\u00edch th\u01b0\u1edbc nh\u1ecf g\u1ecdn 95mm x 95mm x 30mm v\u00e0 thi\u1ebft k\u1ebf c\u1ea5p ngu\u1ed3n kh\u00f4ng d\u00e2y qua Ethernet (PoE), gi\u00fap kh\u00e1ch h\u00e0ng t\u1eadn h\u01b0\u1edfng s\u1ef1 ti\u1ec7n l\u1ee3i trong qu\u00e1 tr\u00ecnh l\u1eafp \u0111\u1eb7t v\u00e0 d\u1ec5 d\u00e0ng h\u00f2a h\u1ee3p v\u00e0o m\u1ecdi m\u00f4i tr\u01b0\u1eddng m\u1ed9t c\u00e1ch tinh t\u1ebf v\u00e0 d\u1ec5 d\u00e0ng.<\/span><\/p>\n<p><span style=\"font-weight: 400;\">Smart hub ATGW-090 \u0111\u1ecbnh ngh\u0129a l\u1ea1i k\u1ebft n\u1ed1i b\u1eb1ng c\u00e1ch t\u00edch h\u1ee3p nhi\u1ec1u giao th\u1ee9c ph\u1ed5 bi\u1ebfn trong t\u1ef1 \u0111\u1ed9ng h\u00f3a nh\u00e0 c\u1eeda nh\u01b0 Zigbee v\u00e0 BLE. Thi\u1ebft b\u1ecb h\u1ed7 tr\u1ee3 c\u00e1c gi\u1ea3i ph\u00e1p t\u1ef1 \u0111\u1ed9ng h\u00f3a cho c\u0103n h\u1ed9 th\u00f4ng minh, nh\u00e0 \u1edf v\u00e0 v\u0103n ph\u00f2ng, gi\u00fap \u0111i\u1ec1u khi\u1ec3n t\u1eeb xa c\u00e1c thi\u1ebft b\u1ecb BLE\/Zigbee m\u1ed9t c\u00e1ch \u0111\u1ed3ng b\u1ed9, t\u0103ng c\u01b0\u1eddng kh\u1ea3 n\u0103ng giao ti\u1ebfp gi\u1eefa c\u00e1c thi\u1ebft b\u1ecb th\u00f4ng minh, mang l\u1ea1i s\u1ef1 ti\u1ec7n l\u1ee3i v\u00e0 hi\u1ec7u qu\u1ea3 v\u01b0\u1ee3t tr\u1ed9i.<\/span><\/p>\n<p><span style=\"font-weight: 400;\">ATGW-090 c\u00f2n h\u1ed7 tr\u1ee3 FEM. IoT FEM l\u00e0 gi\u1ea3i ph\u00e1p l\u00fd t\u01b0\u1edfng cho k\u1ebft n\u1ed1i kh\u00f4ng d\u00e2y, h\u1ed7 tr\u1ee3 c\u00e1c chu\u1ea9n Zigbee, Thread v\u00e0 Bluetooth, bao g\u1ed3m c\u1ea3 Bluetooth 5. Khi k\u1ebft h\u1ee3p v\u1edbi n\u1ec1n t\u1ea3ng System on Chip (SoC), IoT FEM mang l\u1ea1i hi\u1ec7u su\u1ea5t t\u1ed1i \u01b0u cho c\u00e1c thi\u1ebft b\u1ecb IoT v\u1edbi th\u1eddi l\u01b0\u1ee3ng pin l\u00e2u h\u01a1n v\u00e0 ph\u1ea1m vi truy\u1ec1n t\u00edn hi\u1ec7u r\u1ed9ng h\u01a1n.<\/span><\/p>\n<h2><b>L\u1ee3i \u00cdch Khi S\u1eed D\u1ee5ng Gateway PoE ATGW-090 G\u1eafn Tr\u1ea7n ho\u1eb7c G\u1eafn Ph\u1eb3ng<\/b><\/h2>\n<\/div>\n<div>\n<p><b>V\u1ecf thi\u1ebft b\u1ecb kh\u00f4ng d\u00e2y gi\u00fap thi\u1ebft b\u1ecb d\u1ec5 d\u00e0ng th\u00edch \u1ee9ng v\u1edbi m\u00f4i tr\u01b0\u1eddng<\/b><\/p>\n<p><span style=\"font-weight: 400;\">V\u1edbi b\u1ed9 gi\u00e1 \u0111\u1ee1 g\u1eafn tr\u1ea7n \u0111i k\u00e8m v\u00e0 kh\u1ea3 n\u0103ng c\u1ea5p ngu\u1ed3n qua Ethernet (PoE), ATGW-090 gi\u00fap ng\u01b0\u1eddi d\u00f9ng lo\u1ea1i b\u1ecf ho\u00e0n to\u00e0n r\u1eafc r\u1ed1i c\u1ee7a d\u00e2y \u0111i\u1ec7n v\u00e0 ngu\u1ed3n \u0111i\u1ec7n ri\u00eang bi\u1ec7t. Gateway n\u00e0y cho ph\u00e9p b\u1ea1n t\u1eadn h\u01b0\u1edfng s\u1ef1 \u0111\u01a1n gi\u1ea3n m\u00e0 kh\u00f4ng l\u00e0m gi\u1ea3m hi\u1ec7u su\u1ea5t, \u0111\u1ed3ng th\u1eddi gi\u1eef cho kh\u00f4ng gian c\u1ee7a b\u1ea1n g\u1ecdn g\u00e0ng v\u00e0 hi\u1ec7u qu\u1ea3.<\/span><\/p>\n<p><b>N\u00e2ng cao kh\u1ea3 n\u0103ng th\u00edch \u1ee9ng khi l\u1eafp \u0111\u1eb7t<\/b><\/p>\n<p><span style=\"font-weight: 400;\">ATGW-090 c\u00f3 c\u1ea3 c\u1ed5ng USB Type-C v\u00e0 c\u1ed5ng PoE, mang \u0111\u1ebfn s\u1ef1 linh ho\u1ea1t trong vi\u1ec7c l\u1eafp \u0111\u1eb7t thi\u1ebft b\u1ecb tr\u00ean tr\u1ea7n nh\u00e0, lo\u1ea1i b\u1ecf nhu c\u1ea7u s\u1eed d\u1ee5ng nhi\u1ec1u d\u00e2y ngu\u1ed3n kh\u00e1c nhau. D\u00f9 \u1edf nh\u00e0, v\u0103n ph\u00f2ng hay kh\u00f4ng gian th\u01b0\u01a1ng m\u1ea1i, t\u00f9y ch\u1ecdn g\u1eafn tr\u1ea7n gi\u00fap t\u1ed1i \u0111a ph\u1ea1m vi ph\u1ee7 s\u00f3ng trong khi v\u1eabn gi\u1eef \u0111\u01b0\u1ee3c v\u1ebb th\u1ea9m m\u1ef9 t\u1ed1i gi\u1ea3n.<\/span><\/p>\n<p><b>C\u1ea7u n\u1ed1i Zigbee qua Ethernet<\/b><\/p>\n<p><span style=\"font-weight: 400;\">Gateway Zigbee tr\u00ean Ethernet ATGW-090 k\u1ebft n\u1ed1i m\u1ea1ng Zigbee v\u1edbi m\u1ea1ng Ethernet, cho ph\u00e9p truy\u1ec1n d\u1eef li\u1ec7u l\u00ean Internet, \u0111\u1ed3ng th\u1eddi \u0111\u1ea3m b\u1ea3o \u0111\u1ed9 tin c\u1eady v\u00e0 b\u1ea3o m\u1eadt cao.<\/span><\/p>\n<\/div>\n<div>\n<div><img loading=\"lazy\" decoding=\"async\" class=\"attachment-full size-full wp-image-42960 aligncenter\" title=\"DSGW-090 PoE Smart Hub with Dual SIM Card Slot 5\" src=\"https:\/\/antekgroup.vn\/wp-content\/uploads\/2025\/05\/atgw-090-poe-smart-hub-with-dual-sim-card-slot-3130.jpg\" sizes=\"auto, (max-width: 800px) 100vw, 800px\" srcset=\"https:\/\/antekgroup.vn\/wp-content\/uploads\/2025\/05\/atgw-090-poe-smart-hub-with-dual-sim-card-slot-3130.jpg 800w, https:\/\/www.dusuniot.com\/wp-content\/uploads\/2023\/05\/interfaces-of-zigbee-ethernet-bridge-600x276.jpg 600w, https:\/\/www.dusuniot.com\/wp-content\/uploads\/2023\/05\/interfaces-of-zigbee-ethernet-bridge-300x138.jpg 300w, https:\/\/www.dusuniot.com\/wp-content\/uploads\/2023\/05\/interfaces-of-zigbee-ethernet-bridge-768x353.jpg 768w\" alt=\"interfaces of zigbee ethernet bridge\" width=\"800\" height=\"368\" \/><\/div>\n<\/div>\n<div>\n<h2><b>T\u00ednh N\u0103ng c\u1ee7a ATGW-090 Smart Hub (BLE\/Zigbee\/\/Wi-Fi\/LTE Cat1)<\/b><\/h2>\n<table style=\"height: 144px;\" width=\"978\">\n<tbody>\n<tr>\n<td>\n<p><b>T\u00ednh N\u0103ng<\/b><\/p>\n<\/td>\n<td>\n<p><b>M\u00f4 T\u1ea3<\/b><\/p>\n<\/td>\n<\/tr>\n<tr>\n<td><b>H\u1ed7 tr\u1ee3 nhi\u1ec1u giao th\u1ee9c kh\u00f4ng d\u00e2y<\/b><\/td>\n<td><span style=\"font-weight: 400;\">K\u1ebft n\u1ed1i v\u1edbi nhi\u1ec1u c\u1ea3m bi\u1ebfn v\u00e0 thi\u1ebft b\u1ecb kh\u00e1c nhau qua Zigbee 3.0, Wi-Fi 2.4G, BLE 5.2 v\u00e0 LTE CAT 1<\/span><\/td>\n<\/tr>\n<tr>\n<td><b>H\u1ed7 tr\u1ee3 c\u1ea5p ngu\u1ed3n qua Ethernet (PoE)<\/b><\/td>\n<td><span style=\"font-weight: 400;\">Ngo\u00e0i ngu\u1ed3n \u0111i\u1ec7n USB 5V type C, thi\u1ebft b\u1ecb c\u00f2n h\u1ed7 tr\u1ee3 c\u1ea5p ngu\u1ed3n qua c\u1ed5ng Ethernet, gi\u00fap t\u0103ng t\u00ednh linh ho\u1ea1t khi l\u1eafp \u0111\u1eb7t<\/span><\/td>\n<\/tr>\n<\/tbody>\n<\/table>\n<\/div>\n<section class=\"elementor-section elementor-inner-section elementor-element elementor-element-f867532 elementor-reverse-mobile elementor-section-boxed elementor-section-height-default elementor-section-height-default\" data-id=\"f867532\" data-element_type=\"section\">\n<div>\n<div><\/div>\n<\/div>\n<div>\n<p>&nbsp;<\/p>\n<p><img loading=\"lazy\" decoding=\"async\" class=\"aligncenter size-full wp-image-4893\" src=\"https:\/\/antekgroup.vn\/wp-content\/uploads\/2025\/05\/dsgw-090-multiple-protocol-poe-support-2.jpg\" alt=\"\" width=\"600\" height=\"400\" srcset=\"https:\/\/antekgroup.vn\/wp-content\/uploads\/2025\/05\/dsgw-090-multiple-protocol-poe-support-2.jpg 600w, https:\/\/antekgroup.vn\/wp-content\/uploads\/2025\/05\/dsgw-090-multiple-protocol-poe-support-2-400x267.jpg 400w, https:\/\/antekgroup.vn\/wp-content\/uploads\/2025\/05\/dsgw-090-multiple-protocol-poe-support-2-367x245.jpg 367w\" sizes=\"auto, (max-width: 600px) 100vw, 600px\" \/><\/p>\n<h3><b>High Programmability<\/b><\/h3>\n<div>\n<p><span style=\"font-weight: 400;\">Ph\u00e1t tri\u1ec3n firmware t\u00f9y ch\u1ec9nh c\u1ee7a b\u1ea1n ngay t\u1eeb t\u1ea7ng ph\u1ea7n c\u1ee9ng v\u1edbi b\u1ed9 t\u00e0i nguy\u00ean v\u00e0 d\u1ecbch v\u1ee5 \u0111\u1ea7y \u0111\u1ee7 h\u1ed7 tr\u1ee3 c\u00e1c nh\u00e0 ph\u00e1t tri\u1ec3n t\u1ea1o n\u00ean c\u00e1c d\u1ef1 \u00e1n IoT Gateway th\u00e0nh c\u00f4ng.<\/span><\/p>\n<h3>Pre-Certified<\/h3>\n<\/div>\n<div>\n<p><span style=\"font-weight: 400;\">\u0110\u00e3 \u0111\u01b0\u1ee3c ch\u1ee9ng nh\u1eadn b\u1edfi nh\u00e0 m\u1ea1ng, s\u1eb5n s\u00e0ng tri\u1ec3n khai ngay l\u1eadp t\u1ee9c v\u00e0 \u0111\u00e1p \u1ee9ng \u0111\u1ea7y \u0111\u1ee7 c\u00e1c ti\u00eau chu\u1ea9n quy \u0111\u1ecbnh v\u00e0 c\u00f4ng nghi\u1ec7p tr\u00ean to\u00e0n c\u1ea7u.<\/span><\/p>\n<h2><b>K\u00edch th\u01b0\u1edbc v\u00e0 Bao b\u00ec c\u1ee7a ATGW-090 Smart Hub (BLE\/Zigbee\/Wi-Fi\/LTE Cat1)<\/b><\/h2>\n<h2><\/h2>\n<div id='gallery-1' class='gallery galleryid-5097 gallery-columns-2 gallery-size-large'><figure class='gallery-item'>\n\t\t\t<div class='gallery-icon landscape'>\n\t\t\t\t<a href='https:\/\/antekgroup.vn\/vi\/?attachment_id=3154'><img loading=\"lazy\" decoding=\"async\" width=\"1024\" height=\"557\" src=\"https:\/\/antekgroup.vn\/wp-content\/uploads\/2025\/05\/dsgw-090-Dimensions-1024x557-1.png\" class=\"attachment-large size-large\" alt=\"\" aria-describedby=\"gallery-1-3154\" srcset=\"https:\/\/antekgroup.vn\/wp-content\/uploads\/2025\/05\/dsgw-090-Dimensions-1024x557-1.png 1024w, https:\/\/antekgroup.vn\/wp-content\/uploads\/2025\/05\/dsgw-090-Dimensions-1024x557-1-768x418.png 768w, https:\/\/antekgroup.vn\/wp-content\/uploads\/2025\/05\/dsgw-090-Dimensions-1024x557-1-640x348.png 640w, https:\/\/antekgroup.vn\/wp-content\/uploads\/2025\/05\/dsgw-090-Dimensions-1024x557-1-400x218.png 400w, https:\/\/antekgroup.vn\/wp-content\/uploads\/2025\/05\/dsgw-090-Dimensions-1024x557-1-367x200.png 367w, https:\/\/antekgroup.vn\/wp-content\/uploads\/2025\/05\/dsgw-090-Dimensions-1024x557-1-600x326.png 600w\" sizes=\"auto, (max-width: 1024px) 100vw, 1024px\" \/><\/a>\n\t\t\t<\/div>\n\t\t\t\t<figcaption class='wp-caption-text gallery-caption' id='gallery-1-3154'>\n\t\t\t\tDimension\n\t\t\t\t<\/figcaption><\/figure><figure class='gallery-item'>\n\t\t\t<div class='gallery-icon landscape'>\n\t\t\t\t<a href='https:\/\/antekgroup.vn\/vi\/?attachment_id=3152'><img loading=\"lazy\" decoding=\"async\" width=\"750\" height=\"375\" src=\"https:\/\/antekgroup.vn\/wp-content\/uploads\/2025\/05\/dsgw-090-package-list.webp\" class=\"attachment-large size-large\" alt=\"\" aria-describedby=\"gallery-1-3152\" srcset=\"https:\/\/antekgroup.vn\/wp-content\/uploads\/2025\/05\/dsgw-090-package-list.webp 750w, https:\/\/antekgroup.vn\/wp-content\/uploads\/2025\/05\/dsgw-090-package-list-640x320.webp 640w, https:\/\/antekgroup.vn\/wp-content\/uploads\/2025\/05\/dsgw-090-package-list-400x200.webp 400w, https:\/\/antekgroup.vn\/wp-content\/uploads\/2025\/05\/dsgw-090-package-list-367x184.webp 367w, https:\/\/antekgroup.vn\/wp-content\/uploads\/2025\/05\/dsgw-090-package-list-600x300.webp 600w\" sizes=\"auto, (max-width: 750px) 100vw, 750px\" \/><\/a>\n\t\t\t<\/div>\n\t\t\t\t<figcaption class='wp-caption-text gallery-caption' id='gallery-1-3152'>\n\t\t\t\tPackage List\n\t\t\t\t<\/figcaption><\/figure>\n\t\t<\/div>\n\n<div>\n<h2><b>Th\u00f4ng s\u1ed1 k\u1ef9 thu\u1eadt c\u1ee7a ATGW-090 Smart Hub (BLE\/Zigbee\/Wi-Fi\/LTE Cat1):<\/b><span style=\"font-size: 16px;\">\u00a0<\/span><\/h2>\n<\/div>\n<div>\n<table width=\"642\">\n<tbody>\n<tr>\n<td width=\"145\">Th\u00f4ng s\u1ed1<\/td>\n<td width=\"497\">M\u00f4 t\u1ea3<\/td>\n<\/tr>\n<tr>\n<td width=\"145\">CPU<\/td>\n<td width=\"497\">MT7628AN, MIPS24KEc, 580MHz<\/td>\n<\/tr>\n<tr>\n<td width=\"145\">H\u1ec7 \u0111i\u1ec1u h\u00e0nh<\/td>\n<td width=\"497\">OpenWrt<\/td>\n<\/tr>\n<tr>\n<td width=\"145\">RAM<\/td>\n<td width=\"497\">128MB<\/td>\n<\/tr>\n<tr>\n<td width=\"145\">B\u1ed9 nh\u1edb<\/td>\n<td width=\"497\">16MB SPI Flash<\/td>\n<\/tr>\n<tr>\n<td width=\"145\">Ngu\u1ed3n \u0111i\u1ec7n<\/td>\n<td width=\"497\">USB Type-C 5V\/2A, PoE<\/td>\n<\/tr>\n<tr>\n<td width=\"145\">\u0110\u00e8n LED b\u00e1o hi\u1ec7u<\/td>\n<td width=\"497\">1) \u0110\u00e8n ngu\u1ed3n 2) \u0110\u00e8n s\u00f3ng kh\u00f4ng d\u00e2y 3) \u0110\u00e8n b\u00e1o LTE<\/td>\n<\/tr>\n<tr>\n<td width=\"145\">\u0102ng-ten<\/td>\n<td width=\"497\">\u0102ng-ten FPC<\/td>\n<\/tr>\n<tr>\n<td width=\"145\">Giao di\u1ec7n<\/td>\n<td width=\"497\">Khe th\u1ebb TF x 1, Khe th\u1ebb SIM x 2<\/td>\n<\/tr>\n<tr>\n<td width=\"145\">Ethernet<\/td>\n<td width=\"497\">1 c\u1ed5ng WAN\/LAN bi\u1ebfn \u0111\u1ed5i, 10\/100 Mbps<\/td>\n<\/tr>\n<tr>\n<td width=\"145\">N\u00fat Reset<\/td>\n<td width=\"497\">N\u00fat reset v\u1ec1 c\u00e0i \u0111\u1eb7t g\u1ed1c, nh\u1ea5n gi\u1eef tr\u00ean 10 gi\u00e2y \u0111\u1ec3 kh\u00f4i ph\u1ee5c l\u1ea1i thi\u1ebft b\u1ecb<\/td>\n<\/tr>\n<tr>\n<td width=\"145\">Ph\u01b0\u01a1ng th\u1ee9c l\u1eafp \u0111\u1eb7t<\/td>\n<td width=\"497\">L\u1eafp \u0111\u1eb7t tr\u00ean m\u1eb7t ph\u1eb3ng ho\u1eb7c tr\u1ea7n<\/td>\n<\/tr>\n<tr>\n<td width=\"145\">Tr\u1ecdng l\u01b0\u1ee3ng<\/td>\n<td width=\"497\">Ch\u01b0a x\u00e1c \u0111\u1ecbnh (TBD)<\/td>\n<\/tr>\n<tr>\n<td width=\"145\">Nhi\u1ec7t \u0111\u1ed9 ho\u1ea1t \u0111\u1ed9ng<\/td>\n<td width=\"497\">-10\u2103 ~ 55\u2103<\/td>\n<\/tr>\n<tr>\n<td width=\"145\">Nhi\u1ec7t \u0111\u1ed9 b\u1ea3o qu\u1ea3n<\/td>\n<td width=\"497\">-20\u2103 ~ 65\u2103<\/td>\n<\/tr>\n<tr>\n<td width=\"145\">\u0110\u1ed9 \u1ea9m ho\u1ea1t \u0111\u1ed9ng<\/td>\n<td width=\"497\">10% ~ 90%<\/td>\n<\/tr>\n<tr>\n<td width=\"145\">Ch\u1ec9 s\u1ed1 IP<\/td>\n<td width=\"497\">IP22<\/td>\n<\/tr>\n<\/tbody>\n<\/table>\n<div>\n<h2><b>T\u00e0i nguy\u00ean ph\u00e1t tri\u1ec3n (Developer Resources) cho ATGW-090<\/b><\/h2>\n<h3><b style=\"font-size: 16px;\">-T\u00e0i li\u1ec7u nhanh b\u1eaft \u0111\u1ea7u (Quick Start):<\/b><\/h3>\n<p>ATGW-090 MTK7628 Smart Ceiling LTE Gateway Spec V3.2.pdf (Phi\u00ean b\u1ea3n 3.2)<\/p>\n<h3><b style=\"font-size: 16px;\">-B\u1ed9 ph\u00e1t tri\u1ec3n ph\u1ea7n m\u1ec1m (SDK):<\/b><\/h3>\n<p>ATGW-090_sdk_AV4.8.314.4296608.tar.gz (Phi\u00ean b\u1ea3n 4.8.314)<\/p>\n<h3><b style=\"font-size: 16px;\">-G\u00f3i firmware:<\/b><\/h3>\n<p>ATGW-090_AV4.8.306.4135408.tar.bz2 (Phi\u00ean b\u1ea3n 4.8.306)<\/p>\n<h3><b style=\"font-size: 16px;\">-Firmware cho module Zigbee:<\/b><\/h3>\n<p>DSI-0134-Amber-Zigbee_RV6 (Phi\u00ean b\u1ea3n ezsp ver 0x06)<\/p>\n<h3><b style=\"font-size: 16px;\">-Firmware cho module BLE:<\/b><\/h3>\n<p>DSI-0177-Amber-BLE-NCP_AV3.2.4.0129 (Phi\u00ean b\u1ea3n 3.2.4.297)<\/p>\n<h2><b>Ph\u1ea7n m\u1ec1m b\u00ean th\u1ee9 ba (Third-Party Software)<\/b><\/h2>\n<\/div>\n<div>\n<ul>\n<li aria-level=\"1\"><b>Node-RED: N\u1ec1n t\u1ea3ng l\u1eadp tr\u00ecnh tr\u1ef1c quan cho IoT<\/b><\/li>\n<li aria-level=\"1\"><b>Bluefi: B\u1ed9 c\u00f4ng c\u1ee5 ph\u00e1t tri\u1ec3n Bluetooth v\u1edbi th\u00f4ng tin g\u00f3i tin ph\u00e1t s\u00f3ng Bluetooth<\/b><\/li>\n<li aria-level=\"1\"><b>BLE2Mqtt: API th\u00f4ng \u0111i\u1ec7p BLE sang MQTT (Phi\u00ean b\u1ea3n 1.7)<\/b><\/li>\n<li aria-level=\"1\"><b>Zigbee2Mqtt: M\u00e3 ngu\u1ed3n v\u00e0 h\u01b0\u1edbng d\u1eabn c\u00e0i \u0111\u1eb7t, tri\u1ec3n khai Zigbee2Mqtt (Phi\u00ean b\u1ea3n 2.2)<\/b><\/li>\n<\/ul>\n<\/div>\n<div>\n<h2><b>Danh s\u00e1ch model ATGW-090 Smart Hub theo c\u00e1c category<\/b><\/h2>\n<\/div>\n<div>\n<table style=\"height: 319px;\" width=\"871\">\n<tbody>\n<tr>\n<td width=\"128\"><strong>Category<\/strong><\/td>\n<td width=\"140\"><strong>Model<\/strong><\/td>\n<td width=\"128\"><strong>Wi-Fi 2.4G<\/strong><\/td>\n<td width=\"133\"><strong>Bluetooth 5.2<\/strong><\/td>\n<td width=\"120\"><strong>Zigbee 3.0<\/strong><\/td>\n<td width=\"64\"><strong>LTE Cat1<\/strong><\/td>\n<\/tr>\n<tr>\n<td width=\"128\"><strong>Category A (In Stock)<\/strong><\/td>\n<td width=\"140\">ATGW-090-2<\/td>\n<td style=\"text-align: center;\" width=\"128\">\u25cf<\/td>\n<td style=\"text-align: center;\" width=\"133\">\u25cf<\/td>\n<td style=\"text-align: center;\" width=\"120\">\u25cf<\/td>\n<td style=\"text-align: center;\" width=\"64\">\u25cf<\/td>\n<\/tr>\n<tr>\n<td rowspan=\"3\" width=\"128\"><strong>Category B (Built by Order)<\/strong><\/td>\n<td width=\"140\">ATGW-090-3<\/td>\n<td style=\"text-align: center;\" width=\"128\">\u25cf<\/td>\n<td style=\"text-align: center;\" width=\"133\"><\/td>\n<td style=\"text-align: center;\" width=\"120\">\u25cf<\/td>\n<td width=\"64\"><\/td>\n<\/tr>\n<tr>\n<td width=\"140\">ATGW-090-4<\/td>\n<td style=\"text-align: center;\" width=\"128\">\u25cf<\/td>\n<td style=\"text-align: center;\" width=\"133\">\u25cf<\/td>\n<td style=\"text-align: center;\" width=\"120\">\u25cf<\/td>\n<td width=\"64\"><\/td>\n<\/tr>\n<tr>\n<td width=\"140\">ATGW-090-5<\/td>\n<td style=\"text-align: center;\" width=\"128\">\u25cf<\/td>\n<td style=\"text-align: center;\" width=\"133\"><\/td>\n<td style=\"text-align: center;\" width=\"120\">\u25cf<\/td>\n<td width=\"64\"><\/td>\n<\/tr>\n<tr>\n<td rowspan=\"2\" width=\"128\"><strong>Category C (Built by Order, MOQ: 500)<\/strong><\/td>\n<td width=\"140\">ATGW-090-1<\/td>\n<td style=\"text-align: center;\" width=\"128\">\u25cf<\/td>\n<td style=\"text-align: center;\" width=\"133\"><\/td>\n<td style=\"text-align: center;\" width=\"120\">\u25cf<\/td>\n<td style=\"text-align: center;\" width=\"64\">\u25cf<\/td>\n<\/tr>\n<tr>\n<td width=\"140\">ATGW-090-6<\/td>\n<td style=\"text-align: center;\" width=\"128\">\u25cf<\/td>\n<td style=\"text-align: center;\" width=\"133\">\u25cf<\/td>\n<td style=\"text-align: center;\" width=\"120\"><\/td>\n<td width=\"64\"><\/td>\n<\/tr>\n<\/tbody>\n<\/table>\n<\/div>\n<\/div>\n<\/div>\n<\/div>\n<\/section>\n","protected":false},"excerpt":{"rendered":"<p><span style=\"font-weight: 400;\">\u00a0Model: ATGW-090<\/span><span style=\"font-weight: 400;\"><br \/>\n<\/span><span style=\"font-weight: 400;\"> Danh m\u1ee5c: C\u1ed5ng th\u00f4ng minh (Smart Gateway)<\/span><\/p>\n<p><span style=\"font-weight: 400;\">ATGW-090 l\u00e0 m\u1ed9t thi\u1ebft b\u1ecb nh\u1ecf g\u1ecdn t\u00edch h\u1ee3p cao, ph\u00e1t tri\u1ec3n d\u1ef1a tr\u00ean chip SoC MT7628AN Wi-Fi t\u1ed1c \u0111\u1ed9 580MHz h\u1ed7 tr\u1ee3 nhi\u1ec1u giao th\u1ee9c (Zigbee\/BLE \u0111\u1ebfn Wi-Fi\/LTE Cat1\/Ethernet) \u0111\u1ec3 l\u1ef1a ch\u1ecdn theo nhu c\u1ea7u. Thi\u1ebft b\u1ecb c\u00f3 hai khe c\u1eafm th\u1ebb SIM gi\u00fap gi\u1ea3m thi\u1ec3u t\u1ed1i \u0111a \u1ea3nh h\u01b0\u1edfng khi m\u1ea5t m\u1ea1ng. Thi\u1ebft k\u1ebf PoE gi\u00fap d\u1ec5 d\u00e0ng l\u1eafp \u0111\u1eb7t tr\u00ean tr\u1ea7n ho\u1eb7c t\u01b0\u1eddng. H\u1ed7 tr\u1ee3 FEM (Front-End Module).<\/span><\/p>\n<ul>\n<li><span style=\"font-weight: 400;\">H\u1ec7 \u0111i\u1ec1u h\u00e0nh: Linux@OpenWrt<\/span><\/li>\n<li><span style=\"font-weight: 400;\">CPU: MTK7628 (MIPS24KEc @ 580MHz)<\/span><\/li>\n<li><span style=\"font-weight: 400;\">RAM: 128MB<\/span><\/li>\n<li><span style=\"font-weight: 400;\">B\u1ed9 nh\u1edb Flash: 16MB SPI Flash<\/span><\/li>\n<li><span style=\"font-weight: 400;\">H\u1ed7 tr\u1ee3 Zigbee 3.0, Bluetooth 5.2<\/span><\/li>\n<li><span style=\"font-weight: 400;\">1 khe c\u1eafm th\u1ebb TF, 2 khe c\u1eafm th\u1ebb SIM (LTE Cat1)<\/span><\/li>\n<li><span style=\"font-weight: 400;\">1 c\u1ed5ng WAN\/LAN c\u00f3 th\u1ec3 thay \u0111\u1ed5i: 10\/100 Mbps<\/span><\/li>\n<li><span style=\"font-weight: 400;\">Module Wi-Fi t\u00edch h\u1ee3p (2.4GHz)<\/span><\/li>\n<li><span style=\"font-weight: 400;\">Ngu\u1ed3n c\u1ea5p: USB Type-C (5V \/ 2A) ho\u1eb7c PoE<\/span><\/li>\n<\/ul>\n","protected":false},"featured_media":4695,"comment_status":"open","ping_status":"closed","template":"","meta":[],"product_cat":[53],"product_tag":[55,54],"class_list":{"0":"post-5097","1":"product","2":"type-product","3":"status-publish","4":"has-post-thumbnail","6":"product_cat-bluetooth-iot-gateways","7":"product_tag-atgw-090","8":"product_tag-poe-smart-hub-with-dual-sim-card-slot","10":"first","11":"instock","12":"shipping-taxable","13":"product-type-simple"},"_links":{"self":[{"href":"https:\/\/antekgroup.vn\/vi\/wp-json\/wp\/v2\/product\/5097","targetHints":{"allow":["GET"]}}],"collection":[{"href":"https:\/\/antekgroup.vn\/vi\/wp-json\/wp\/v2\/product"}],"about":[{"href":"https:\/\/antekgroup.vn\/vi\/wp-json\/wp\/v2\/types\/product"}],"replies":[{"embeddable":true,"href":"https:\/\/antekgroup.vn\/vi\/wp-json\/wp\/v2\/comments?post=5097"}],"wp:featuredmedia":[{"embeddable":true,"href":"https:\/\/antekgroup.vn\/vi\/wp-json\/wp\/v2\/media\/4695"}],"wp:attachment":[{"href":"https:\/\/antekgroup.vn\/vi\/wp-json\/wp\/v2\/media?parent=5097"}],"wp:term":[{"taxonomy":"product_cat","embeddable":true,"href":"https:\/\/antekgroup.vn\/vi\/wp-json\/wp\/v2\/product_cat?post=5097"},{"taxonomy":"product_tag","embeddable":true,"href":"https:\/\/antekgroup.vn\/vi\/wp-json\/wp\/v2\/product_tag?post=5097"}],"curies":[{"name":"wp","href":"https:\/\/api.w.org\/{rel}","templated":true}]}}