{"id":5099,"date":"2025-05-24T17:51:27","date_gmt":"2025-05-24T17:51:27","guid":{"rendered":"https:\/\/antekgroup.vn\/?post_type=product&#038;p=5099"},"modified":"2025-05-24T18:35:13","modified_gmt":"2025-05-24T18:35:13","slug":"atgw-010-3-cong-bluetooth-cong-nghiep-wifi-lte-4g-ethernet-du-phong","status":"publish","type":"product","link":"https:\/\/antekgroup.vn\/vi\/product\/atgw-010-3-cong-bluetooth-cong-nghiep-wifi-lte-4g-ethernet-du-phong\/","title":{"rendered":"ATGW-010-3 C\u1ed5ng Bluetooth C\u00f4ng Nghi\u1ec7p (WiFi\/LTE 4G\/Ethernet D\u1ef1 Ph\u00f2ng)"},"content":{"rendered":"<h2>Th\u00f4ng s\u1ed1 k\u1ef9 thu\u1eadt c\u1ee7a ATGW-010-3 C\u1ed5ng Bluetooth C\u00f4ng Nghi\u1ec7p:<\/h2>\n<p><strong>-Ki\u1ebfn tr\u00fac ph\u1ea7n c\u1ee9ng<\/strong> | MT7628<\/p>\n<p><strong>-H\u1ec7 \u0111i\u1ec1u h\u00e0nh<\/strong> | OpenWRT<\/p>\n<p><strong>-Ng\u00f4n ng\u1eef l\u1eadp tr\u00ecnh<\/strong> | Java, Python, Node.js, C, C++<\/p>\n<p><strong>-K\u1ebft n\u1ed1i m\u1ea1ng uplink<\/strong> | WiFi 2.4 GHz, LTE 4G, Ethernet<\/p>\n<p><strong>-K\u1ebft n\u1ed1i m\u1ea1ng downlink<\/strong> | BLE 5.1, mesh, and long range<\/p>\n<p><strong>-Nhi\u1ec7t \u0111\u1ed9 ho\u1ea1t \u0111\u1ed9ng<\/strong> | -20\u2103~70\u2103<\/p>\n<p><strong>-H\u00ecnh th\u1ee9c l\u1eafp \u0111\u1eb7t \/ Ki\u1ec3u d\u00e1ng<\/strong> | G\u1eafn t\u01b0\u1eddng, treo<\/p>\n<p><strong>-Ch\u1ee9ng nh\u1eadn<\/strong> | FCC, CE, RoHS, BQB, IP66<\/p>\n<h2>Hi\u1ec7u su\u1ea5t Bluetooth c\u1ee7a C\u1ed5ng Bluetooth C\u00f4ng Nghi\u1ec7p ATGW-010-3<\/h2>\n<p>&#8211;<strong>Chuy\u1ec3n \u0111\u1ed5i giao th\u1ee9c<\/strong>: Bluetooth sang WiFi, Bluetooth sang LTE 4G, Bluetooth sang Ethernet<\/p>\n<p>&#8211;<strong>Ch\u1ee9c n\u0103ng<\/strong>: \u0110i\u1ec3m truy c\u1eadp Bluetooth (Bluetooth Access Point), B\u1ed9 \u0111\u1ecbnh tuy\u1ebfn trung t\u00e2m Bluetooth (Bluetooth Router Hub), C\u1ea7u n\u1ed1i Bluetooth (Bluetooth Bridge)<\/p>\n<p>&#8211;<strong>Ph\u1ea1m vi Bluetooth:<\/strong> 150m trong m\u00f4i tr\u01b0\u1eddng ngo\u00e0i tr\u1eddi kh\u00f4ng v\u1eadt c\u1ea3n; ch\u1ebf \u0111\u1ed9 Bluetooth t\u1ea7m xa \u0111\u1ea1t \u0111\u1ebfn 1km<\/p>\n<p>&#8211;<strong>Qu\u00e9t t\u1ef1 \u0111\u1ed9ng<\/strong>: Qu\u00e9t t\u1ef1 \u0111\u1ed9ng RSSI, \u0111\u1ecba ch\u1ec9 MAC&#8230; c\u1ee7a c\u00e1c beacon g\u1ea7n \u0111\u00f3<\/p>\n<p>&#8211;<strong>Thi\u1ebft b\u1ecb BLE k\u1ebft n\u1ed1i<\/strong>: T\u1ed1i \u0111a 16 thi\u1ebft b\u1ecb BLE k\u1ebft n\u1ed1i \u0111\u1ed3ng th\u1eddi m\u1ed9t c\u00e1ch \u1ed5n \u0111\u1ecbnh<\/p>\n<h2>\u1ee8ng d\u1ee5ng Bluetooth IoT trong m\u00f4i tr\u01b0\u1eddng c\u00f4ng nghi\u1ec7p<\/h2>\n<p>Vi\u1ec7c t\u1eadn d\u1ee5ng IoT c\u00f4ng nghi\u1ec7p (IIoT) \u0111\u1ec3 thu th\u1eadp d\u1eef li\u1ec7u t\u1eeb c\u00e1c c\u1ea3m bi\u1ebfn v\u00e0 beacon, c\u1ea3i thi\u1ec7n quy tr\u00ecnh v\u1eadn h\u00e0nh t\u1ed5ng th\u1ec3, v\u00e0 \u0111\u01b0a ra c\u00e1c quy\u1ebft \u0111\u1ecbnh kinh doanh nhanh ch\u00f3ng v\u00e0 ch\u00ednh x\u00e1c h\u01a1n kh\u00f4ng c\u00f2n l\u00e0 m\u1ed9t kh\u00e1i ni\u1ec7m \u0111\u01b0\u1ee3c th\u1ed5i ph\u1ed3ng. BLE-enabled IIoT \u0111\u00e3 \u0111\u01b0\u1ee3c \u00e1p d\u1ee5ng r\u1ed9ng r\u00e3i trong c\u00e1c ng\u00e0nh then ch\u1ed1t nh\u01b0 d\u1ea7u kh\u00ed, th\u1ee7y \u0111i\u1ec7n v\u00e0 s\u1ea3n xu\u1ea5t, c\u0169ng nh\u01b0 c\u00e1c l\u0129nh v\u1ef1c nh\u01b0 gi\u00e1m s\u00e1t t\u00ecnh tr\u1ea1ng thi\u1ebft b\u1ecb, b\u1ea3o tr\u00ec d\u1ef1 \u0111o\u00e1n, t\u1ef1 \u0111\u1ed9ng h\u00f3a t\u00f2a nh\u00e0 nh\u00e0 m\u00e1y v\u00e0 qu\u1ea3n l\u00fd nh\u00e2n s\u1ef1\/t\u00e0i s\u1ea3n \u2013 nh\u1edd v\u00e0o s\u1ef1 ph\u00e1t tri\u1ec3n c\u1ee7a c\u1ea3m bi\u1ebfn th\u00f4ng minh, s\u1ef1 ph\u1ed5 c\u1eadp c\u1ee7a c\u00e1c c\u1ed5ng c\u00f4ng nghi\u1ec7p, v\u00e0 s\u1ef1 ph\u00e1t tri\u1ec3n c\u1ee7a c\u00e1c \u1ee9ng d\u1ee5ng ph\u00e2n t\u00edch d\u1eef li\u1ec7u.<\/p>\n<h2>T\u1ea1i sao n\u00ean s\u1eed d\u1ee5ng Bluetooth trong c\u00f4ng nghi\u1ec7p?<\/h2>\n<p><strong>Th\u1eddi l\u01b0\u1ee3ng pin k\u00e9o d\u00e0i<\/strong><\/p>\n<p>Th\u00e1ch th\u1ee9c c\u1ed1t l\u00f5i c\u1ee7a IIoT l\u00e0 tu\u1ed5i th\u1ecd pin c\u1ee7a c\u00e1c c\u1ea3m bi\u1ebfn kh\u00f4ng d\u00e2y, b\u1ea3o tr\u00ec t\u1eeb xa v\u00e0 chi ph\u00ed v\u1eadn h\u00e0nh. Thi\u1ebft b\u1ecb Bluetooth Low Energy (BLE) kh\u00f4ng d\u00e2y c\u00f3 th\u1eddi l\u01b0\u1ee3ng pin d\u00e0i, gi\u00fap gi\u1ea3m chi ph\u00ed v\u1eadn h\u00e0nh v\u00e0 b\u1ea3o tr\u00ec d\u00e0i h\u1ea1n (\u00edt thay pin v\u00e0 gi\u1ea3m nh\u00e2n c\u00f4ng b\u1ea3o tr\u00ec).<\/p>\n<p><strong>Tri\u1ec3n khai chi ph\u00ed th\u1ea5p<\/strong><\/p>\n<p>Bluetooth ph\u1ed5 bi\u1ebfn, c\u00f3 kh\u1ea3 n\u0103ng t\u01b0\u01a1ng th\u00edch cao v\u00e0 gi\u00e1 chip\/module c\u1ea1nh tranh. D\u1ec5 d\u00e0ng t\u00edch h\u1ee3p v\u00e0o nhi\u1ec1u thi\u1ebft b\u1ecb th\u00f4ng minh v\u1edbi chi ph\u00ed tri\u1ec3n khai t\u1ed1i thi\u1ec3u v\u00e0 hi\u1ec7u qu\u1ea3 kinh t\u1ebf nh\u1edd quy m\u00f4 l\u1edbn.<\/p>\n<p><strong>Kh\u1ea3 n\u0103ng ch\u1ed1ng nhi\u1ec5u cao<\/strong><\/p>\n<p>Bluetooth 5 h\u1ed7 tr\u1ee3 ph\u1ea1m vi ph\u1ee7 s\u00f3ng r\u1ed9ng h\u01a1n, t\u1ed1c \u0111\u1ed9 nhanh h\u01a1n, ch\u1ed1ng nhi\u1ec5u t\u1ed1t h\u01a1n v\u00e0 duy tr\u00ec k\u1ebft n\u1ed1i \u1ed5n \u0111\u1ecbnh trong nh\u1eefng khu v\u1ef1c r\u1ed9ng v\u00e0 \u1ed3n \u00e0o nh\u01b0 nh\u00e0 kho v\u00e0 nh\u00e0 m\u00e1y nhi\u1ec1u thi\u1ebft b\u1ecb g\u00e2y nhi\u1ec5u.<\/p>\n<p><strong>M\u1ea1ng Mesh nhi\u1ec1u-nhi\u1ec1u (many-to-many)<\/strong><\/p>\n<p>Bluetooth Mesh h\u1ed7 tr\u1ee3 giao ti\u1ebfp nhi\u1ec1u-nhi\u1ec1u v\u00e0 chuy\u1ec3n ti\u1ebfp th\u00f4ng tin \u0111a k\u00eanh \u0111\u1ec3 duy tr\u00ec k\u1ebft n\u1ed1i gi\u1eefa nhi\u1ec1u thi\u1ebft b\u1ecb c\u1ea3m bi\u1ebfn BLE m\u1ed9t c\u00e1ch an to\u00e0n v\u00e0 \u0111\u00e1ng tin c\u1eady, \u0111\u00e1p \u1ee9ng y\u00eau c\u1ea7u kh\u1eaft khe trong m\u00f4i tr\u01b0\u1eddng c\u00f4ng nghi\u1ec7p.<\/p>\n<p><strong>Bluetooth t\u1ea7m xa<\/strong><\/p>\n<p>Trong c\u00e1c nh\u00e0 m\u00e1y ho\u1eb7c khu v\u1ef1c c\u00f3 th\u1ec3 ph\u00e1t sinh kh\u00ed d\u1ec5 ch\u00e1y, h\u01a1i ho\u1eb7c b\u1ee5i, c\u00e1c thi\u1ebft b\u1ecb BLE c\u00f3 kh\u1ea3 n\u0103ng t\u1ea7m xa c\u00f3 th\u1ec3 \u0111\u01b0\u1ee3c tri\u1ec3n khai \u0111\u1ec3 \u0111\u1ea3m b\u1ea3o an to\u00e0n cho nh\u00e2n vi\u00ean, \u0111\u1ed3ng th\u1eddi cho ph\u00e9p thu th\u1eadp d\u1eef li\u1ec7u v\u00e0 truy c\u1eadp t\u1eeb xa qua kho\u1ea3ng c\u00e1ch l\u1edbn.<\/p>\n<h2>C\u00e1c tr\u01b0\u1eddng h\u1ee3p s\u1eed d\u1ee5ng Gateway Bluetooth trong c\u00f4ng nghi\u1ec7p<\/h2>\n<p>C\u1ed5ng BLE trong c\u00f4ng nghi\u1ec7p c\u00f3 th\u1ec3 d\u00f9ng cho thu th\u1eadp d\u1eef li\u1ec7u c\u01a1 b\u1ea3n, \u0111o l\u01b0\u1eddng, \u0111i\u1ec1u khi\u1ec3n v\u00e0 truy\u1ec1n th\u00f4ng. Thi\u1ebft b\u1ecb n\u00e0y chuy\u1ec3n ti\u1ebfp d\u1eef li\u1ec7u gi\u1eefa m\u1ea1ng c\u1ea3m bi\u1ebfn BLE v\u00e0 m\u00e1y ch\u1ee7 \u0111\u00e1m m\u00e2y, cho ph\u00e9p ng\u01b0\u1eddi d\u00f9ng truy xu\u1ea5t v\u00e0 tr\u1ef1c quan h\u00f3a d\u1eef li\u1ec7u tr\u00ean b\u1ea3ng \u0111i\u1ec1u khi\u1ec3n \u0111\u1ec3 ph\u00e2n t\u00edch, \u0111\u1ed3ng th\u1eddi g\u1eedi l\u1ec7nh c\u1ea5u h\u00ecnh tr\u1edf l\u1ea1i cho m\u1ea1ng BLE.<br \/>\n\u0110\u1ed1i v\u1edbi qu\u1ea3n l\u00fd t\u00e0i s\u1ea3n, gateway BLE c\u00f3 th\u1ec3 t\u1ef1 \u0111\u1ed9ng ph\u00e1t hi\u1ec7n c\u00e1c beacon BLE g\u1ea7n \u0111\u00f3 v\u00e0 t\u1ea3i d\u1eef li\u1ec7u l\u00ean m\u00e1y ch\u1ee7, bao g\u1ed3m \u0111\u1ecba ch\u1ec9 MAC, lo\u1ea1i g\u00f3i tin ph\u00e1t s\u00f3ng, n\u1ed9i dung, c\u01b0\u1eddng \u0111\u1ed9 t\u00edn hi\u1ec7u theo th\u1eddi gian th\u1ef1c, v.v.<\/p>\n<p><strong>Gi\u00e1m s\u00e1t t\u00ecnh tr\u1ea1ng thi\u1ebft b\u1ecb<\/strong><\/p>\n<p>C\u00e1c c\u1ea3m bi\u1ebfn BLE c\u00f3 th\u1ec3 \u0111\u01b0\u1ee3c g\u1eafn v\u00e0o h\u1ec7 th\u1ed1ng gi\u00e1m s\u00e1t nhi\u1ec7t \u0111\u1ed9 IoT ho\u1eb7c t\u00edch h\u1ee3p trong van \u0111i\u1ec1u nhi\u1ec7t, b\u1ed9 \u0111i\u1ec1u khi\u1ec3n nhi\u1ec7t v\u00e0 h\u1ec7 th\u1ed1ng n\u1ed3i h\u01a1i. C\u1ed5ng Bluetooth c\u00f4ng nghi\u1ec7p \u0111\u00f3ng vai tr\u00f2 c\u1ea7u n\u1ed1i gi\u1eefa thi\u1ebft b\u1ecb IoT v\u00e0 m\u00e1y ch\u1ee7 \u0111\u00e1m m\u00e2y \u0111\u1ec3 thu th\u1eadp v\u00e0 chuy\u1ec3n ti\u1ebfp d\u1eef li\u1ec7u.<\/p>\n<p><strong>B\u1ea3o tr\u00ec d\u1ef1 \u0111o\u00e1n<\/strong><\/p>\n<p>Gi\u1ea3i ph\u00e1p IoT cho thang m\u00e1y s\u1eed d\u1ee5ng c\u1ea3m bi\u1ebfn BLE v\u00e0 gateway Bluetooth c\u00f4ng nghi\u1ec7p \u0111\u1ec3 thu th\u1eadp d\u1eef li\u1ec7u v\u1ec1 gia t\u1ed1c, rung \u0111\u1ed9ng nh\u1eb1m ch\u1ea9n \u0111o\u00e1n c\u1ea3nh b\u00e1o s\u1edbm v\u00e0 d\u1ef1 \u0111o\u00e1n tu\u1ed5i th\u1ecd linh ki\u1ec7n, gi\u1ea3m thi\u1ec3u th\u1eddi gian d\u1eebng thi\u1ebft b\u1ecb.<\/p>\n<p><strong>Qu\u1ea3n l\u00fd truy c\u1eadp \/ Qu\u1ea3n l\u00fd t\u00e0i s\u1ea3n<\/strong><\/p>\n<p>B\u1eb1ng c\u00e1ch thi\u1ebft l\u1eadp h\u00e0ng r\u00e0o \u1ea3o (geo-fence) \u1edf c\u00e1c khu v\u1ef1c quan tr\u1ecdng \u0111\u1ec3 ki\u1ec3m so\u00e1t truy c\u1eadp v\u00e0 theo d\u00f5i xe n\u00e2ng trong kho, Bluetooth AoA (Angle of Arrival) gi\u00fap t\u0103ng c\u01b0\u1eddng an ninh cho c\u01a1 s\u1edf c\u00f4ng nghi\u1ec7p v\u00e0 h\u00f3a ch\u1ea5t. \u0110\u1ed3ng th\u1eddi, c\u00f3 th\u1ec3 c\u1ea3nh b\u00e1o cho nh\u00e2n vi\u00ean khi h\u1ecd ti\u1ebfn v\u00e0o khu v\u1ef1c nguy hi\u1ec3m.<\/p>\n<p><strong>T\u1ef1 \u0111\u1ed9ng h\u00f3a t\u00f2a nh\u00e0<\/strong><\/p>\n<p>BLE Mesh c\u00f3 th\u1ec3 \u0111\u01b0\u1ee3c s\u1eed d\u1ee5ng \u0111\u1ec3 ki\u1ec3m so\u00e1t t\u1eadp trung, gi\u00e1m s\u00e1t v\u00e0 t\u1ef1 \u0111\u1ed9ng h\u00f3a h\u1ec7 th\u1ed1ng nh\u00e0 m\u00e1y, bao g\u1ed3m chi\u1ebfu s\u00e1ng, s\u01b0\u1edfi, th\u00f4ng gi\u00f3, \u0111i\u1ec1u h\u00f2a kh\u00f4ng kh\u00ed (HVAC), v\u00e0 an ninh. Gi\u1ea3i ph\u00e1p n\u00e0y gi\u00fap ti\u1ebft ki\u1ec7m n\u0103ng l\u01b0\u1ee3ng, gi\u1ea3m chi ph\u00ed v\u1eadn h\u00e0nh v\u00e0 k\u00e9o d\u00e0i v\u00f2ng \u0111\u1eddi h\u1ec7 th\u1ed1ng qu\u1ea3n l\u00fd t\u00f2a nh\u00e0 (BMS).<\/p>\n<h2>Ph\u01b0\u01a1ng ph\u00e1p l\u1eafp \u0111\u1eb7t c\u1ee7a C\u1ed5ng Bluetooth C\u00f4ng nghi\u1ec7p ATGW-010-3<\/h2>\n<p><img decoding=\"async\" class=\"aligncenter\" src=\"https:\/\/antekgroup.vn\/wp-content\/uploads\/2025\/05\/atgw-010-3-industrial-bluetooth-gateway-wifi-lte-4g-ethernet-backhaul-3157.jpg\" alt=\"dsgw 010 block\" \/><\/p>\n","protected":false},"excerpt":{"rendered":"<p><b>Model:<\/b><span style=\"font-weight: 400;\"> ATGW-010-3<\/span><span style=\"font-weight: 400;\"><br \/>\n<\/span> <b>Danh m\u1ee5c:<\/b><span style=\"font-weight: 400;\"> C\u1ed5ng Th\u00f4ng Minh<\/span><\/p>\n<p><span style=\"font-weight: 400;\">ATGW-010-3 l\u00e0 m\u1ed9t c\u1ed5ng Bluetooth c\u00f4ng nghi\u1ec7p n\u0103ng l\u01b0\u1ee3ng th\u1ea5p v\u1edbi kh\u1ea3 n\u0103ng WiFi t\u00edch h\u1ee3p cao, d\u1ef1 ph\u00f2ng LTE 4G v\u00e0 c\u1ed5ng Ethernet RJ45, gi\u00fap doanh nghi\u1ec7p c\u1ee7a b\u1ea1n v\u1eadn h\u00e0nh tr\u01a1n tru trong m\u00f4i tr\u01b0\u1eddng c\u00f4ng nghi\u1ec7p m\u00e0 kh\u00f4ng b\u1ecb gi\u00e1n \u0111o\u1ea1n. \u0110\u1ed3ng th\u1eddi, c\u1ea5p ngu\u1ed3n b\u1eb1ng PoE c\u1ed9ng v\u1edbi b\u1ed9 chuy\u1ec3n \u0111\u1ed5i DC 12V, v\u00e0 c\u00e1c ph\u01b0\u01a1ng ph\u00e1p l\u1eafp \u0111\u1eb7t tr\u00ean t\u01b0\u1eddng\/tr\u1ea7n nh\u00e0, cho ph\u00e9p tri\u1ec3n khai linh ho\u1ea1t trong nhi\u1ec1u k\u1ecbch b\u1ea3n c\u00f4ng nghi\u1ec7p kh\u00e1c nhau. V\u1ecf b\u1ea3o v\u1ec7 \u0111\u1ea1t chu\u1ea9n IP66 ch\u1ed1ng ch\u1ecbu m\u1ecdi th\u1eddi ti\u1ebft v\u00e0 d\u1ea3i nhi\u1ec7t \u0111\u1ed9 ho\u1ea1t \u0111\u1ed9ng r\u1ed9ng (-20\u2103~70\u2103) cho ph\u00e9p thi\u1ebft b\u1ecb ho\u1ea1t \u0111\u1ed9ng trong m\u00f4i tr\u01b0\u1eddng c\u1ef1c k\u1ef3 kh\u1eafc nghi\u1ec7t.<\/span><\/p>\n<p><span style=\"font-weight: 400;\">C\u1ed5ng Bluetooth c\u00f4ng nghi\u1ec7p ATGW-010-3 c\u00f3 th\u1ec3 d\u1ec5 d\u00e0ng k\u1ebft n\u1ed1i c\u00e1c thi\u1ebft b\u1ecb BLE c\u1ee7a b\u1ea1n v\u1edbi mi\u1ec1n IP, m\u1edf ra kh\u1ea3 n\u0103ng gi\u00e1m s\u00e1t v\u00e0 \u0111i\u1ec1u khi\u1ec3n t\u1eeb xa t\u1eeb c\u00e1c thi\u1ebft b\u1ecb nh\u01b0 \u0111i\u1ec7n tho\u1ea1i th\u00f4ng minh v\u00e0 m\u00e1y t\u00ednh b\u1ea3ng tr\u00ean m\u1ea1ng LAN ho\u1eb7c WAN, bao g\u1ed3m c\u1ea3 Internet, v\u00e0 hi\u1ec7n th\u1ef1c h\u00f3a Internet V\u1ea1n V\u1eadt \u0111\u00fang ngh\u0129a. H\u1ed7 tr\u1ee3 c\u00e1c giao th\u1ee9c TCP\/IP, UDP, MQTT, LWM2M. \u0110\u1ed9i ng\u0169 FAE c\u1ee7a ch\u00fang t\u00f4i s\u1ebd h\u1ed7 tr\u1ee3 b\u1ea1n ho\u00e0n thi\u1ec7n firmware v\u00e0 ph\u00e1t tri\u1ec3n \u1ee9ng d\u1ee5ng.<\/span><\/p>\n","protected":false},"featured_media":3165,"comment_status":"open","ping_status":"closed","template":"","meta":[],"product_cat":[53],"product_tag":[107,106],"class_list":{"0":"post-5099","1":"product","2":"type-product","3":"status-publish","4":"has-post-thumbnail","6":"product_cat-bluetooth-iot-gateways","7":"product_tag-atgw-010-4","8":"product_tag-industrial-bluetooth-gateway","10":"first","11":"instock","12":"shipping-taxable","13":"product-type-simple"},"_links":{"self":[{"href":"https:\/\/antekgroup.vn\/vi\/wp-json\/wp\/v2\/product\/5099","targetHints":{"allow":["GET"]}}],"collection":[{"href":"https:\/\/antekgroup.vn\/vi\/wp-json\/wp\/v2\/product"}],"about":[{"href":"https:\/\/antekgroup.vn\/vi\/wp-json\/wp\/v2\/types\/product"}],"replies":[{"embeddable":true,"href":"https:\/\/antekgroup.vn\/vi\/wp-json\/wp\/v2\/comments?post=5099"}],"wp:featuredmedia":[{"embeddable":true,"href":"https:\/\/antekgroup.vn\/vi\/wp-json\/wp\/v2\/media\/3165"}],"wp:attachment":[{"href":"https:\/\/antekgroup.vn\/vi\/wp-json\/wp\/v2\/media?parent=5099"}],"wp:term":[{"taxonomy":"product_cat","embeddable":true,"href":"https:\/\/antekgroup.vn\/vi\/wp-json\/wp\/v2\/product_cat?post=5099"},{"taxonomy":"product_tag","embeddable":true,"href":"https:\/\/antekgroup.vn\/vi\/wp-json\/wp\/v2\/product_tag?post=5099"}],"curies":[{"name":"wp","href":"https:\/\/api.w.org\/{rel}","templated":true}]}}