{"id":5102,"date":"2025-05-24T18:40:03","date_gmt":"2025-05-24T18:40:03","guid":{"rendered":"https:\/\/antekgroup.vn\/?post_type=product&#038;p=5102"},"modified":"2025-05-25T09:21:59","modified_gmt":"2025-05-25T09:21:59","slug":"atgw-020-cong-router-wifi-bang-tan-kep-voi-switch-poe-ho-tro-ble-zigbee","status":"publish","type":"product","link":"https:\/\/antekgroup.vn\/vi\/product\/atgw-020-cong-router-wifi-bang-tan-kep-voi-switch-poe-ho-tro-ble-zigbee\/","title":{"rendered":"ATGW-020 C\u1ed5ng Router WiFi B\u0103ng T\u1ea7n K\u00e9p v\u1edbi Switch PoE (H\u1ed7 tr\u1ee3 BLE\/Zigbee)"},"content":{"rendered":"<h2><b>T\u1ed5ng quan nhanh v\u1ec1 ATGW-020 PoE WiFi Router Gateway<\/b><\/h2>\n<ul>\n<li style=\"font-weight: 400;\" aria-level=\"1\"><span style=\"font-weight: 400;\">B\u1ed9 x\u1eed l\u00fd MT7628A MCU, h\u1ec7 \u0111i\u1ec1u h\u00e0nh OpenWrt, c\u00f3 th\u1ec3 l\u1eadp tr\u00ecnh;<\/span><span style=\"font-weight: 400;\"><br \/>\n<\/span><\/li>\n<li style=\"font-weight: 400;\" aria-level=\"1\"><span style=\"font-weight: 400;\">H\u1ed7 tr\u1ee3 ngu\u1ed3n c\u1ea5p t\u1eeb switch PoE v\u00e0 adapter 5V;<\/span><span style=\"font-weight: 400;\"><br \/>\n<\/span><\/li>\n<li style=\"font-weight: 400;\" aria-level=\"1\"><span style=\"font-weight: 400;\">H\u1ed7 tr\u1ee3 truy\u1ec1n d\u1eef li\u1ec7u l\u00ean \u0111\u00e1m m\u00e2y qua WiFi 2.4G\/5G, LTE 4G (LTE-TDD\/LTE-FDD) v\u00e0 Ethernet;<\/span><span style=\"font-weight: 400;\"><br \/>\n<\/span><\/li>\n<li style=\"font-weight: 400;\" aria-level=\"1\"><span style=\"font-weight: 400;\">K\u1ebft n\u1ed1i thi\u1ebft b\u1ecb \u0111\u1ea7u cu\u1ed1i h\u1ed7 tr\u1ee3 Bluetooth 5.2\/SIG mesh, Zigbee 3.0;<\/span><span style=\"font-weight: 400;\"><br \/>\n<\/span><\/li>\n<li style=\"font-weight: 400;\" aria-level=\"1\"><span style=\"font-weight: 400;\">C\u00f3 th\u00eam hai \u0103ng-ten cho t\u0103ng c\u01b0\u1eddng t\u00edn hi\u1ec7u WiFi v\u00e0 Zigbee;<\/span><span style=\"font-weight: 400;\"><br \/>\n<\/span><\/li>\n<li style=\"font-weight: 400;\" aria-level=\"1\"><span style=\"font-weight: 400;\">C\u00f3 m\u1ed9t c\u1ed5ng m\u1ea1ng WAN\/LAN linh ho\u1ea1t;<\/span><span style=\"font-weight: 400;\"><br \/>\n<\/span><\/li>\n<li style=\"font-weight: 400;\" aria-level=\"1\"><span style=\"font-weight: 400;\">H\u1ed7 tr\u1ee3 ph\u00e1t tri\u1ec3n firmware t\u00f9y ch\u1ec9nh t\u1eeb t\u1ea7ng th\u1ea5p ph\u1ea7n c\u1ee9ng;<\/span><span style=\"font-weight: 400;\"><br \/>\n<\/span><\/li>\n<li style=\"font-weight: 400;\" aria-level=\"1\"><span style=\"font-weight: 400;\">C\u00e1c ch\u1ee9ng nh\u1eadn: CE, FCC, BQB, Zigbee;<\/span><span style=\"font-weight: 400;\"><br \/>\n<\/span><\/li>\n<li style=\"font-weight: 400;\" aria-level=\"1\"><span style=\"font-weight: 400;\">Nhi\u1ec7t \u0111\u1ed9 ho\u1ea1t \u0111\u1ed9ng: 0\u2103~55\u2103;<\/span><span style=\"font-weight: 400;\"><br \/>\n<\/span><\/li>\n<li style=\"font-weight: 400;\" aria-level=\"1\"><span style=\"font-weight: 400;\">H\u1ed7 tr\u1ee3 ODM\/White Label\/OEM cho \u0111\u01a1n h\u00e0ng s\u1ed1 l\u01b0\u1ee3ng l\u1edbn.<\/span><\/li>\n<\/ul>\n<h2><b>Th\u00f4ng s\u1ed1 k\u1ef9 thu\u1eadt c\u1ee7a ATGW-020 Power over Ethernet Router Gateway<\/b><span style=\"font-size: 16px;\">\u00a0<\/span><\/h2>\n<table width=\"656\">\n<tbody>\n<tr>\n<td width=\"116\">Th\u00f4ng s\u1ed1<\/td>\n<td width=\"540\">Chi ti\u1ebft<\/td>\n<\/tr>\n<tr>\n<td width=\"116\">CPU<\/td>\n<td width=\"540\">MT7628A<\/td>\n<\/tr>\n<tr>\n<td width=\"116\">RAM<\/td>\n<td width=\"540\">L\u00ean \u0111\u1ebfn 128MB<\/td>\n<\/tr>\n<tr>\n<td width=\"116\">eMMC<\/td>\n<td width=\"540\">L\u00ean \u0111\u1ebfn 16MB Flash<\/td>\n<\/tr>\n<tr>\n<td width=\"116\">H\u1ec7 \u0111i\u1ec1u h\u00e0nh (OS)<\/td>\n<td width=\"540\">OpenWrt<\/td>\n<\/tr>\n<tr>\n<td width=\"116\">Nhi\u1ec7t \u0111\u1ed9 ho\u1ea1t \u0111\u1ed9ng<\/td>\n<td width=\"540\">0\u2103~40\u2103 (C\u1ea5p \u0111\u1ed9 th\u01b0\u01a1ng m\u1ea1i)<\/td>\n<\/tr>\n<tr>\n<td width=\"116\">K\u00edch th\u01b0\u1edbc<\/td>\n<td width=\"540\">195.05mm \u00d7 126.66mm \u00d7 36.08mm<\/td>\n<\/tr>\n<tr>\n<td width=\"116\">Giao th\u1ee9c<\/td>\n<td width=\"540\">Uplink: Wi-Fi 2.4G\/5G, Ethernet, LTE CAT.1, LTE CAT M1Downlink: BLE 5.2, Zigbee 3.0<\/td>\n<\/tr>\n<tr>\n<td width=\"116\">Giao di\u1ec7n m\u1ea1ng<\/td>\n<td width=\"540\">H\u1ed7 tr\u1ee3 c\u00e1p CAT-5\/CAT-5E truy\u1ec1n d\u1eef li\u1ec7u v\u00e0 ngu\u1ed3n PoE (44~57V)C\u1ed5ng WAN\/LAN thay \u0111\u1ed5i \u0111\u01b0\u1ee3c<\/td>\n<\/tr>\n<tr>\n<td width=\"116\">\u0110\u00e8n ch\u1ec9 th\u1ecb (LED)<\/td>\n<td width=\"540\">1) Power LED s\u00e1ng khi c\u00f3 ngu\u1ed3n2) Network LED s\u00e1ng khi k\u1ebft n\u1ed1i3) Wi-Fi LED s\u00e1ng 1-2 gi\u00e2y sau k\u1ebft n\u1ed1i Wi-Fi<\/td>\n<\/tr>\n<tr>\n<td width=\"116\">LTE CAT M1<\/td>\n<td width=\"540\">4G FDD-LTE B1\/B3\/B7\/B8\/B20 (2100\/1800\/2600\/900\/800MHz)TDD-LTE B38\/B39\/B40\/B41 (2600\/1900\/2300\/2500MHz)3G: DC-HSPA+\/HSPA+\/HSPA\/UMTS B1\/B8 (2100\/900MHz)<\/td>\n<\/tr>\n<tr>\n<td width=\"116\">\u0102ng-ten<\/td>\n<td width=\"540\">Wi-Fi Antenna, LTE Antenna, T\u00f9y ch\u1ecdn Bluetooth, Zigbee, GPS<\/td>\n<\/tr>\n<tr>\n<td width=\"116\">Nhi\u1ec7t \u0111\u1ed9 ho\u1ea1t \u0111\u1ed9ng<\/td>\n<td width=\"540\">-10\u2103~70\u2103<\/td>\n<\/tr>\n<tr>\n<td width=\"116\">D\u00f2ng \u0111i\u1ec7n<\/td>\n<td width=\"540\">350mA @ 5V<\/td>\n<\/tr>\n<\/tbody>\n<\/table>\n<p>&nbsp;<\/p>\n<div><\/div>\n<div>\n<h2><b>T\u00ednh n\u0103ng c\u1ee7a B\u1ed9 \u0111\u1ecbnh tuy\u1ebfn Gateway kh\u00f4ng d\u00e2y PoE ATGW-020<\/b><\/h2>\n<h3><b>C\u1ed5ng Gateway \u0110a Giao Th\u1ee9c<\/b><\/h3>\n<p>Trang b\u1ecb Zigbee 3.0, Wi-Fi 2.4G\/5G, BLE 5.2 v\u00e0 LTE CAT M1<\/p>\n<\/div>\n<h3>B\u0103ng t\u1ea7n k\u00e9p (2.4G v\u00e0 5G) ho\u1ea1t \u0111\u1ed9ng c\u00f9ng l\u00fac tr\u00ean c\u00f9ng m\u1ed9t m\u1ea1ng<\/h3>\n<p>T\u0103ng c\u01b0\u1eddng tr\u1ea3i nghi\u1ec7m t\u00edn hi\u1ec7u kh\u00f4ng d\u00e2y c\u1ee7a b\u1ea1n tr\u00ean hai d\u1ea3i t\u1ea7n s\u00f3ng radio kh\u00e1c nhau (2.4GHz v\u00e0 5GHz) c\u00f9ng m\u1ed9t l\u00fac.<\/p>\n<h3>L\u1eadp tr\u00ecnh cao<\/h3>\n<p>Ph\u00e1t tri\u1ec3n firmware t\u00f9y ch\u1ec9nh tr\u1ef1c ti\u1ebfp tr\u00ean ph\u1ea7n c\u1ee9ng c\u1ee7a ch\u00fang t\u00f4i b\u1eb1ng h\u01b0\u1edbng d\u1eabn to\u00e0n di\u1ec7n v\u00e0 \u0111\u1ea7y \u0111\u1ee7 t\u00e0i li\u1ec7u, bao qu\u00e1t m\u1ecdi kh\u00eda c\u1ea1nh v\u1ec1 kh\u1ea3 n\u0103ng c\u1ee7a s\u1ea3n ph\u1ea9m v\u00e0 giao di\u1ec7n ph\u1ea7n c\u1ee9ng.<\/p>\n<h3>\u0110\u1ea1t ch\u1ee9ng nh\u1eadn to\u00e0n c\u1ea7u v\u00e0 t\u1eeb nh\u00e0 m\u1ea1ng<\/h3>\n<p>\u0110\u00e3 \u0111\u01b0\u1ee3c nh\u00e0 m\u1ea1ng ch\u1ee9ng nh\u1eadn \u0111\u1ec3 tri\u1ec3n khai ngay l\u1eadp t\u1ee9c v\u00e0 \u0111\u00e1p \u1ee9ng \u0111\u1ea7y \u0111\u1ee7 c\u00e1c ti\u00eau chu\u1ea9n quy \u0111\u1ecbnh v\u00e0 ng\u00e0nh ngh\u1ec1 tr\u00ean to\u00e0n th\u1ebf gi\u1edbi. Gi\u00fap \u0111\u1ea9y nhanh qu\u00e1 tr\u00ecnh ph\u00e1t tri\u1ec3n s\u1ea3n ph\u1ea9m v\u00e0 \u0111\u01b0a ra th\u1ecb tr\u01b0\u1eddng nhanh h\u01a1n.<\/p>\n<p><img loading=\"lazy\" decoding=\"async\" class=\"size-full wp-image-4882 aligncenter\" src=\"https:\/\/antekgroup.vn\/wp-content\/uploads\/2025\/05\/dsgw-020-high-programmable-3-1.jpg\" alt=\"\" width=\"600\" height=\"422\" srcset=\"https:\/\/antekgroup.vn\/wp-content\/uploads\/2025\/05\/dsgw-020-high-programmable-3-1.jpg 600w, https:\/\/antekgroup.vn\/wp-content\/uploads\/2025\/05\/dsgw-020-high-programmable-3-1-400x281.jpg 400w, https:\/\/antekgroup.vn\/wp-content\/uploads\/2025\/05\/dsgw-020-high-programmable-3-1-367x258.jpg 367w\" sizes=\"auto, (max-width: 600px) 100vw, 600px\" \/><\/p>\n<h2><b>K\u00edch th\u01b0\u1edbc v\u00e0 Bao b\u00ec c\u1ee7a B\u1ed9 \u0111\u1ecbnh tuy\u1ebfn Gateway ATGW-020 h\u1ed7 tr\u1ee3 c\u1ea5p ngu\u1ed3n PoE<\/b><\/h2>\n<h2><img loading=\"lazy\" decoding=\"async\" class=\"size-full wp-image-4884 aligncenter\" style=\"font-size: 16px;\" src=\"https:\/\/antekgroup.vn\/wp-content\/uploads\/2025\/05\/dsgw-020-package-list.png\" alt=\"\" width=\"770\" height=\"344\" srcset=\"https:\/\/antekgroup.vn\/wp-content\/uploads\/2025\/05\/dsgw-020-package-list.png 770w, https:\/\/antekgroup.vn\/wp-content\/uploads\/2025\/05\/dsgw-020-package-list-600x268.png 600w, https:\/\/antekgroup.vn\/wp-content\/uploads\/2025\/05\/dsgw-020-package-list-768x343.png 768w, https:\/\/antekgroup.vn\/wp-content\/uploads\/2025\/05\/dsgw-020-package-list-640x286.png 640w, https:\/\/antekgroup.vn\/wp-content\/uploads\/2025\/05\/dsgw-020-package-list-400x179.png 400w, https:\/\/antekgroup.vn\/wp-content\/uploads\/2025\/05\/dsgw-020-package-list-367x164.png 367w\" sizes=\"auto, (max-width: 770px) 100vw, 770px\" \/><\/h2>\n<p>&nbsp;<\/p>\n<table width=\"713\">\n<tbody>\n<tr>\n<td width=\"140\">Model<\/td>\n<td width=\"128\">Wi-Fi 2.4G\/5G<\/td>\n<td width=\"133\">Bluetooth 5.2<\/td>\n<td width=\"120\">Zigbee 3.0<\/td>\n<td width=\"64\">LTE CatM1<\/td>\n<td width=\"64\">POE<\/td>\n<td width=\"64\">Ghi ch\u00fa<\/td>\n<\/tr>\n<tr>\n<td width=\"140\">ATGW-020-1<\/td>\n<td width=\"128\">\u25cf<\/td>\n<td width=\"133\">\u25cf<\/td>\n<td width=\"120\"><\/td>\n<td width=\"64\"><\/td>\n<td width=\"64\">\u25cf<\/td>\n<td width=\"64\"><\/td>\n<\/tr>\n<tr>\n<td width=\"140\">ATGW-020-2<\/td>\n<td width=\"128\">\u25cf<\/td>\n<td width=\"133\">\u25cf<\/td>\n<td width=\"120\"><\/td>\n<td width=\"64\">\u25cf<\/td>\n<td width=\"64\">\u25cf<\/td>\n<td width=\"64\"><\/td>\n<\/tr>\n<tr>\n<td width=\"140\">ATGW-020-3<\/td>\n<td width=\"128\">\u25cf<\/td>\n<td width=\"133\"><\/td>\n<td width=\"120\">\u25cf<\/td>\n<td width=\"64\"><\/td>\n<td width=\"64\">\u25cf<\/td>\n<td width=\"64\"><\/td>\n<\/tr>\n<tr>\n<td width=\"140\">ATGW-020-4<\/td>\n<td width=\"128\">\u25cf<\/td>\n<td width=\"133\"><\/td>\n<td width=\"120\">\u25cf<\/td>\n<td width=\"64\">\u25cf<\/td>\n<td width=\"64\">\u25cf<\/td>\n<td width=\"64\"><\/td>\n<\/tr>\n<tr>\n<td width=\"140\">ATGW-020-5<\/td>\n<td width=\"128\">\u25cf<\/td>\n<td width=\"133\">\u25cf<\/td>\n<td width=\"120\">\u25cf<\/td>\n<td width=\"64\">\u25cf<\/td>\n<td width=\"64\">\u25cf<\/td>\n<td width=\"64\"><\/td>\n<\/tr>\n<tr>\n<td width=\"140\">ATGW-020-8<\/td>\n<td width=\"128\">\u25cf<\/td>\n<td width=\"133\"><\/td>\n<td width=\"120\">\u25cf<\/td>\n<td width=\"64\">\u25cf<\/td>\n<td width=\"64\">\u25cf<\/td>\n<td width=\"64\">M\u1ed9t anten cho Zigbee, anten c\u00f2n l\u1ea1i cho Wi-Fi &amp; 5G<\/td>\n<\/tr>\n<\/tbody>\n<\/table>\n<div><\/div>\n<div><strong>Ch\u1ec9 c\u00f3 m\u1eabu d\u00f9ng th\u1eed (ATGW-020-5) c\u00f3 s\u1eb5n<\/strong><\/div>\n<div><\/div>\n<table class=\"tg\">\n<thead>\n<tr>\n<th class=\"tg-nrix\">Model<\/th>\n<th class=\"tg-nrix\">Wi-Fi 2.4G\/5G<\/th>\n<th class=\"tg-nrix\">Bluetooth 5.2<\/th>\n<th class=\"tg-nrix\">Zigbee 3.0<\/th>\n<th class=\"tg-nrix\">LTE CatM1<\/th>\n<th class=\"tg-nrix\">POE<\/th>\n<\/tr>\n<\/thead>\n<tbody>\n<tr>\n<td class=\"tg-nrix\">ATGW-020-5<\/td>\n<td class=\"tg-nrix\">\u25cf<\/td>\n<td class=\"tg-nrix\">\u25cf<\/td>\n<td class=\"tg-nrix\">\u25cf<\/td>\n<td class=\"tg-nrix\">\u25cf<\/td>\n<td class=\"tg-nrix\">\u25cf<\/td>\n<\/tr>\n<\/tbody>\n<\/table>\n<p>MOQ (S\u1ed1 l\u01b0\u1ee3ng \u0111\u1eb7t h\u00e0ng t\u1ed1i thi\u1ec3u) \u0111\u1ec3 t\u00f9y ch\u1ec9nh logo l\u00e0 20.000 USD<\/p>\n","protected":false},"excerpt":{"rendered":"<p><b>Model:<\/b><span style=\"font-weight: 400;\"> ATGW-020<\/span><span style=\"font-weight: 400;\"><br \/>\n<\/span> <b>Danh m\u1ee5c:<\/b><span style=\"font-weight: 400;\"> C\u1ed5ng th\u00f4ng minh, Router<\/span><\/p>\n<p><span style=\"font-weight: 400;\">ATGW-020 s\u1eed d\u1ee5ng chip t\u00edch h\u1ee3p router MT7628A c\u1ee7a MediaTek v\u00e0 k\u00edch ho\u1ea1t ch\u1ee9c n\u0103ng router \u0111i\u1ec3m truy c\u1eadp (AP). B\u1eb1ng c\u00e1ch th\u00eam chip MT7612E h\u1ed7 tr\u1ee3 802.11ac c\u1ee7a MediaTek, thi\u1ebft b\u1ecb c\u00f3 th\u1ec3 ho\u1ea1t \u0111\u1ed9ng nh\u01b0 m\u1ed9t c\u1ed5ng IoT b\u0103ng t\u1ea7n k\u00e9p \u0111\u1ed3ng th\u1eddi (WiFi 2.4G\/5G). C\u1ed5ng router WiFi ATGW-020 h\u1ed7 tr\u1ee3 c\u1ea3 hai ch\u1ebf \u0111\u1ed9 WiFi AP (Access Point) v\u00e0 WiFi Station (STA), cho ph\u00e9p kh\u00e1ch h\u00e0ng chuy\u1ec3n \u0111\u1ed5i ch\u1ebf \u0111\u1ed9 t\u00f9y theo nhu c\u1ea7u s\u1eed d\u1ee5ng.<\/span><\/p>\n<p><span style=\"font-weight: 400;\">L\u00e0 m\u1ed9t c\u1ed5ng IoT, ATGW-020 c\u00f3 th\u1ec3 thu th\u1eadp d\u1eef li\u1ec7u t\u1eeb c\u00e1c thi\u1ebft b\u1ecb \u0111\u1ea7u cu\u1ed1i h\u1ed7 tr\u1ee3 Zigbee 3.0 v\u00e0 Bluetooth, sau \u0111\u00f3 truy\u1ec1n d\u1eef li\u1ec7u l\u00ean \u0111\u00e1m m\u00e2y th\u00f4ng qua Wi-Fi 2.4G\/5G v\u00e0 Ethernet. \u0110\u00e2y l\u00e0 phi\u00ean b\u1ea3n n\u00e2ng c\u1ea5p c\u1ee7a c\u1ed5ng LTE DSGW-040 v\u1edbi c\u1ea3 ch\u1ee9c n\u0103ng PoE v\u00e0 b\u1ed9 chuy\u1ec3n \u0111\u1ed5i ngu\u1ed3n, ngh\u0129a l\u00e0 thi\u1ebft b\u1ecb c\u00f3 th\u1ec3 \u0111\u01b0\u1ee3c c\u1ea5p ngu\u1ed3n b\u1eb1ng b\u1ed9 ngu\u1ed3n DC ho\u1eb7c qua c\u00e1p m\u1ea1ng h\u1ed7 tr\u1ee3 PoE.<\/span><\/p>\n<p><span style=\"font-weight: 400;\">Ch\u00fang t\u00f4i c\u00f3 \u0111\u1ed9i ng\u0169 k\u1ef9 thu\u1eadt FAE h\u1ed7 tr\u1ee3 t\u00edch h\u1ee3p thi\u1ebft b\u1ecb v\u1edbi \u0111\u00e1m m\u00e2y c\u1ee7a b\u1ea1n. SDK\/API s\u1ebd \u0111\u01b0\u1ee3c cung c\u1ea5p. N\u1ebfu c\u00f3 v\u1ea5n \u0111\u1ec1 ph\u00e1t sinh trong t\u01b0\u01a1ng lai, thi\u1ebft b\u1ecb h\u1ed7 tr\u1ee3 c\u1eadp nh\u1eadt firmware OTA.<\/span><\/p>\n","protected":false},"featured_media":4875,"comment_status":"open","ping_status":"closed","template":"","meta":[],"product_cat":[53],"product_tag":[56],"class_list":{"0":"post-5102","1":"product","2":"type-product","3":"status-publish","4":"has-post-thumbnail","6":"product_cat-bluetooth-iot-gateways","7":"product_tag-dual-band-wifi-router","9":"first","10":"instock","11":"shipping-taxable","12":"product-type-simple"},"_links":{"self":[{"href":"https:\/\/antekgroup.vn\/vi\/wp-json\/wp\/v2\/product\/5102","targetHints":{"allow":["GET"]}}],"collection":[{"href":"https:\/\/antekgroup.vn\/vi\/wp-json\/wp\/v2\/product"}],"about":[{"href":"https:\/\/antekgroup.vn\/vi\/wp-json\/wp\/v2\/types\/product"}],"replies":[{"embeddable":true,"href":"https:\/\/antekgroup.vn\/vi\/wp-json\/wp\/v2\/comments?post=5102"}],"wp:featuredmedia":[{"embeddable":true,"href":"https:\/\/antekgroup.vn\/vi\/wp-json\/wp\/v2\/media\/4875"}],"wp:attachment":[{"href":"https:\/\/antekgroup.vn\/vi\/wp-json\/wp\/v2\/media?parent=5102"}],"wp:term":[{"taxonomy":"product_cat","embeddable":true,"href":"https:\/\/antekgroup.vn\/vi\/wp-json\/wp\/v2\/product_cat?post=5102"},{"taxonomy":"product_tag","embeddable":true,"href":"https:\/\/antekgroup.vn\/vi\/wp-json\/wp\/v2\/product_tag?post=5102"}],"curies":[{"name":"wp","href":"https:\/\/api.w.org\/{rel}","templated":true}]}}