{"id":5105,"date":"2025-05-25T04:38:10","date_gmt":"2025-05-25T04:38:10","guid":{"rendered":"https:\/\/antekgroup.vn\/?post_type=product&#038;p=5105"},"modified":"2025-05-25T05:19:49","modified_gmt":"2025-05-25T05:19:49","slug":"atgw-201-bo-dinh-tuyen-wifi-bang-tan-kep-ac1200-2-4-ghz-va-5-ghz-hoat-dong-dong-thoi","status":"publish","type":"product","link":"https:\/\/antekgroup.vn\/vi\/product\/atgw-201-bo-dinh-tuyen-wifi-bang-tan-kep-ac1200-2-4-ghz-va-5-ghz-hoat-dong-dong-thoi\/","title":{"rendered":"ATGW-201 B\u1ed9 \u0111\u1ecbnh tuy\u1ebfn WiFi b\u0103ng t\u1ea7n k\u00e9p AC1200 (2.4 GHz v\u00e0 5 GHz ho\u1ea1t \u0111\u1ed9ng \u0111\u1ed3ng th\u1eddi)"},"content":{"rendered":"<div>\n<p><b>Danh s\u00e1ch Model c\u1ee7a ATGW-201 B\u1ed9 \u0111\u1ecbnh tuy\u1ebfn 2 b\u0103ng t\u1ea7n (2.4 GHz v\u00e0 5 GHz)<\/b><\/p>\n<p>H\u1ea1ng m\u1ee5c A (C\u00f3 s\u1eb5n trong kho, Th\u1eddi gian giao h\u00e0ng: 1~2 tu\u1ea7n)<\/p>\n<table class=\"tg\">\n<thead>\n<tr>\n<th class=\"tg-wa1i\">Model<\/th>\n<th class=\"tg-nrix\">Wi-Fi 2.4G\/5G<\/th>\n<th class=\"tg-nrix\">Bluetooth 5.2<\/th>\n<th class=\"tg-nrix\">Zigbee3.0<\/th>\n<th class=\"tg-nrix\">Z-Wave<\/th>\n<th class=\"tg-nrix\">LTE Cat4<\/th>\n<\/tr>\n<\/thead>\n<tbody>\n<tr>\n<td class=\"tg-nrix\">ATGW-201-1<\/td>\n<td class=\"tg-nrix\">\u25cf<\/td>\n<td class=\"tg-nrix\">\u25cf<\/td>\n<td class=\"tg-nrix\">\u25cf<\/td>\n<td class=\"tg-nrix\">\u25cf<\/td>\n<td class=\"tg-nrix\">\u25cf<\/td>\n<\/tr>\n<\/tbody>\n<\/table>\n<p>H\u1ea1ng m\u1ee5c B (S\u1ea3n xu\u1ea5t theo \u0111\u01a1n \u0111\u1eb7t h\u00e0ng, Th\u1eddi gian giao h\u00e0ng: 3~4 tu\u1ea7n)<\/p>\n<table class=\"tg\">\n<thead>\n<tr>\n<th class=\"tg-nrix\">Mdole<\/th>\n<th class=\"tg-nrix\">Wi-Fi 2.4G\/5G<\/th>\n<th class=\"tg-nrix\">Bluetooth 5.2<\/th>\n<th class=\"tg-nrix\">Zigbee3.0<\/th>\n<th class=\"tg-nrix\">Z-Wave<\/th>\n<th class=\"tg-nrix\">LTE Cat4<\/th>\n<\/tr>\n<\/thead>\n<tbody>\n<tr>\n<td class=\"tg-nrix\">ATGW-201-2<\/td>\n<td class=\"tg-nrix\">\u25cf<\/td>\n<td class=\"tg-nrix\"><\/td>\n<td class=\"tg-nrix\">\u25cf<\/td>\n<td class=\"tg-nrix\"><\/td>\n<td class=\"tg-nrix\"><\/td>\n<\/tr>\n<\/tbody>\n<\/table>\n<\/div>\n<p>H\u1ea1ng m\u1ee5c C (S\u1ea3n xu\u1ea5t theo \u0111\u01a1n \u0111\u1eb7t h\u00e0ng, Th\u1eddi gian giao h\u00e0ng h\u01a1n 8 tu\u1ea7n, MOQ: 500 s\u1ea3n ph\u1ea9m)<\/p>\n<table class=\"tg\">\n<thead>\n<tr>\n<th class=\"tg-nrix\">Model<\/th>\n<th class=\"tg-nrix\">Wi-Fi 2.4G\/5G<\/th>\n<th class=\"tg-nrix\">Bluetooth 5.2<\/th>\n<th class=\"tg-nrix\">Zigbee3.0<\/th>\n<th class=\"tg-nrix\">Z-Wave<\/th>\n<th class=\"tg-nrix\">LTE Cat4<\/th>\n<\/tr>\n<\/thead>\n<tbody>\n<tr>\n<td class=\"tg-nrix\">ATGW-201-3<\/td>\n<td class=\"tg-nrix\">\u25cf<\/td>\n<td class=\"tg-nrix\"><\/td>\n<td class=\"tg-nrix\"><\/td>\n<td class=\"tg-nrix\"><\/td>\n<td class=\"tg-nrix\"><\/td>\n<\/tr>\n<\/tbody>\n<\/table>\n<h2><b>1. M\u00f4 t\u1ea3 s\u1ea3n ph\u1ea9m B\u1ed9 \u0111\u1ecbnh tuy\u1ebfn WiFi 2 b\u0103ng t\u1ea7n ATGW-201 AC1200<\/b><\/h2>\n<p>1.1 M\u1ee5c \u0111\u00edch &amp; M\u00f4 t\u1ea3<\/p>\n<div>\n<div>\n<p><span style=\"font-weight: 400;\">ATGW-201 l\u00e0 m\u1ed9t b\u1ed9 \u0111\u1ecbnh tuy\u1ebfn WiFi \u0111a giao th\u1ee9c hi\u1ec7u su\u1ea5t cao, \u0111a n\u0103ng, \u0111\u1ed3ng th\u1eddi l\u00e0 c\u1ed5ng th\u00f4ng minh v\u1edbi nhi\u1ec1u t\u00ednh n\u0103ng bao g\u1ed3m ngu\u1ed3n c\u1ea5p qua adapter 12V v\u00e0 PoE, kh\u1ea3 n\u0103ng Wi-Fi ti\u00ean ti\u1ebfn, c\u00f9ng nhi\u1ec1u t\u00f9y ch\u1ecdn k\u1ebft n\u1ed1i nh\u01b0 Bluetooth 5.2, Zigbee 3.0, v\u00e0 Z-Wave. Thi\u1ebft b\u1ecb c\u0169ng h\u1ed7 tr\u1ee3 4G LTE CAT4 v\u00e0 c\u00f3 c\u1ed5ng Ethernet Gigabit.<\/span><\/p>\n<p><span style=\"font-weight: 400;\">V\u1edbi ki\u1ebfn tr\u00fac m\u00f4-\u0111un, ATGW-201 cho ph\u00e9p t\u00f9y ch\u1ec9nh m\u1edf r\u1ed9ng c\u00e1c t\u00ednh n\u0103ng, cung c\u1ea5p gi\u1ea3i ph\u00e1p c\u00f3 s\u1eb5n nh\u01b0ng ph\u00f9 h\u1ee3p v\u1edbi nhu c\u1ea7u c\u1ee5 th\u1ec3 c\u1ee7a b\u1ea1n. \u0110i\u1ec1u n\u00e0y l\u00e0m cho n\u00f3 tr\u1edf th\u00e0nh gi\u1ea3i ph\u00e1p l\u00fd t\u01b0\u1edfng cho nhi\u1ec1u \u1ee9ng d\u1ee5ng kh\u00e1c nhau bao g\u1ed3m doanh nghi\u1ec7p nh\u1ecf \u0111\u1ebfn v\u1eeba, t\u1ef1 \u0111\u1ed9ng h\u00f3a nh\u00e0 \u1edf v\u00e0 gi\u00e1m s\u00e1t b\u1ec7nh nh\u00e2n t\u1eeb xa trong IoT.<\/span><\/p>\n<\/div>\n<div>\n<p>1.2 T\u00f3m t\u1eaft t\u00ednh n\u0103ng s\u1ea3n ph\u1ea9m<\/p>\n<ul>\n<li style=\"font-weight: 400;\" aria-level=\"1\"><span style=\"font-weight: 400;\">Adapter DC 12V\/1.5A v\u00e0 ngu\u1ed3n PoE<\/span><span style=\"font-weight: 400;\"><br \/>\n<\/span><\/li>\n<li style=\"font-weight: 400;\" aria-level=\"1\"><span style=\"font-weight: 400;\">T\u1ed1c \u0111\u1ed9 Wi-Fi 2 b\u0103ng t\u1ea7n AC1200 (l\u00ean \u0111\u1ebfn 1200 Mbps)<\/span><span style=\"font-weight: 400;\"><br \/>\n<\/span><\/li>\n<li style=\"font-weight: 400;\" aria-level=\"1\"><span style=\"font-weight: 400;\">H\u1ed7 tr\u1ee3 c\u00e1c chu\u1ea9n IEEE802.11ac, IEEE802.11n, IEEE802.11g, IEEE802.11b<\/span><span style=\"font-weight: 400;\"><br \/>\n<\/span><\/li>\n<li style=\"font-weight: 400;\" aria-level=\"1\"><span style=\"font-weight: 400;\">H\u1ed7 tr\u1ee3 Bluetooth 5.2, SIG Mesh, Zigbee 3.0, Z-Wave<\/span><span style=\"font-weight: 400;\"><br \/>\n<\/span><\/li>\n<li style=\"font-weight: 400;\" aria-level=\"1\"><span style=\"font-weight: 400;\">H\u1ed7 tr\u1ee3 4G LTE CAT4<\/span><span style=\"font-weight: 400;\"><br \/>\n<\/span><\/li>\n<li style=\"font-weight: 400;\" aria-level=\"1\"><span style=\"font-weight: 400;\">M\u1ed9t c\u1ed5ng Ethernet Gigabi<\/span><\/li>\n<\/ul>\n<\/div>\n<p>1.3 S\u01a1 \u0111\u1ed3 kh\u1ed1i ph\u1ea7n c\u1ee9ng<\/p>\n<\/div>\n<div><img loading=\"lazy\" decoding=\"async\" class=\"attachment-large size-large wp-image-45087 aligncenter\" title=\"DSGW-201 Dual-band AC1200 WiFi Router (2.4 and 5 GHZ Simultaneously) 1\" src=\"https:\/\/antekgroup.vn\/wp-content\/uploads\/2025\/05\/atgw-201-dual-band-ac1200-wifi-router-2-4-and-5-ghz-simultaneously-3207.jpg\" sizes=\"auto, (max-width: 800px) 100vw, 800px\" srcset=\"https:\/\/antekgroup.vn\/wp-content\/uploads\/2025\/05\/atgw-201-dual-band-ac1200-wifi-router-2-4-and-5-ghz-simultaneously-3207.jpg 1024w, https:\/\/www.dusuniot.com\/wp-content\/uploads\/2023\/01\/DSGW-201-1-600x340.png 600w, https:\/\/www.dusuniot.com\/wp-content\/uploads\/2023\/01\/DSGW-201-1-300x170.png 300w, https:\/\/www.dusuniot.com\/wp-content\/uploads\/2023\/01\/DSGW-201-1-768x435.png 768w, https:\/\/www.dusuniot.com\/wp-content\/uploads\/2023\/01\/DSGW-201-1-1536x871.png 1536w, https:\/\/www.dusuniot.com\/wp-content\/uploads\/2023\/01\/DSGW-201-1.png 1880w\" alt=\"DSGW 201 ac 1200 wifi router\" width=\"800\" height=\"454\" \/><\/div>\n<div><\/div>\n<h2><b>2. Y\u00eau c\u1ea7u c\u01a1 kh\u00ed c\u1ee7a B\u1ed9 \u0111\u1ecbnh tuy\u1ebfn WiFi Gigabit 2 b\u0103ng t\u1ea7n ATGW-201 AC1200<\/b><\/h2>\n<div>\n<p>2.1. B\u1ea3n v\u1ebd v\u00e0 K\u00edch th\u01b0\u1edbc<\/p>\n<p><img loading=\"lazy\" decoding=\"async\" class=\"size-full wp-image-4797 aligncenter\" src=\"https:\/\/antekgroup.vn\/wp-content\/uploads\/2025\/05\/\u56fe\u5c42-2-300x300-1.png\" alt=\"\" width=\"300\" height=\"300\" \/><\/p>\n<p><img loading=\"lazy\" decoding=\"async\" class=\"size-full wp-image-4795 aligncenter\" src=\"https:\/\/antekgroup.vn\/wp-content\/uploads\/2025\/05\/DSGW-201-3-300x222-1.png\" alt=\"\" width=\"300\" height=\"222\" \/><\/p>\n<h2><b>3. Th\u00f4ng s\u1ed1 k\u1ef9 thu\u1eadt c\u1ee7a B\u1ed9 \u0111\u1ecbnh tuy\u1ebfn WiFi 2 b\u0103ng t\u1ea7n ATGW-201 AC1200<\/b><\/h2>\n<p><span style=\"font-size: 16px;\">3.1. Th\u00f4ng s\u1ed1 k\u1ef9 thu\u1eadt<\/span><\/p>\n<table width=\"614\">\n<tbody>\n<tr>\n<td width=\"140\"><strong>Danh m\u1ee5c<\/strong><\/td>\n<td style=\"text-align: center;\" width=\"474\"><strong>Th\u00f4ng s\u1ed1 k\u1ef9 thu\u1eadt<\/strong><\/td>\n<\/tr>\n<tr>\n<td width=\"140\">CPU<\/td>\n<td width=\"474\">MT7621A 880MHz, b\u1ed9 x\u1eed l\u00fd hai l\u00f5i<\/td>\n<\/tr>\n<tr>\n<td width=\"140\">H\u1ec7 \u0111i\u1ec1u h\u00e0nh<\/td>\n<td width=\"474\">OpenWrt<\/td>\n<\/tr>\n<tr>\n<td width=\"140\">RAM<\/td>\n<td width=\"474\">512MB<\/td>\n<\/tr>\n<tr>\n<td width=\"140\">B\u1ed9 nh\u1edb l\u01b0u tr\u1eef<\/td>\n<td width=\"474\">8GB<\/td>\n<\/tr>\n<tr>\n<td width=\"140\">Th\u1ebb TF (th\u1ebb nh\u1edb)<\/td>\n<td width=\"474\">H\u1ed7 tr\u1ee3 t\u1ed1i \u0111a 128GB<\/td>\n<\/tr>\n<tr>\n<td rowspan=\"2\" width=\"140\">Ngu\u1ed3n \u0111i\u1ec7n<\/td>\n<td width=\"474\">DC 12V\/1.5A. \u0110\u1ea7u k\u1ebft n\u1ed1i ngu\u1ed3n c\u00f3 l\u1ed7 3.5mm, kim \u0111\u01b0\u1eddng k\u00ednh 1.35mm, c\u1ef1c d\u01b0\u01a1ng.<\/td>\n<\/tr>\n<tr>\n<td width=\"474\">Adapter ngu\u1ed3n h\u1ed7 tr\u1ee3 100-240V, 50\/60Hz, ra 12V\/1.5A.<\/td>\n<\/tr>\n<tr>\n<td width=\"140\">N\u00fat Reset<\/td>\n<td width=\"474\">N\u00fat reset v\u1ec1 c\u00e0i \u0111\u1eb7t g\u1ed1c. Gi\u1eef n\u00fat h\u01a1n 10 gi\u00e2y \u0111\u1ec3 kh\u00f4i ph\u1ee5c l\u1ea1i thi\u1ebft b\u1ecb v\u1ec1 tr\u1ea1ng th\u00e1i nh\u00e0 m\u00e1y.<\/td>\n<\/tr>\n<tr>\n<td rowspan=\"3\" width=\"140\">Giao di\u1ec7n m\u1ea1ng<\/td>\n<td width=\"474\">\u2022 C\u00e1p CAT-5\/CAT-5e \u0111\u1ec3 truy\u1ec1n d\u1eef li\u1ec7u<\/td>\n<\/tr>\n<tr>\n<td width=\"474\">\u2022 Cung c\u1ea5p PoE v\u1edbi \u0111i\u1ec7n \u00e1p 44~57V<\/td>\n<\/tr>\n<tr>\n<td width=\"474\">\u2022 C\u1ed5ng WAN\/LAN 1000M c\u00f3 th\u1ec3 chuy\u1ec3n \u0111\u1ed5i \u0111\u01b0\u1ee3c<\/td>\n<\/tr>\n<tr>\n<td width=\"140\">C\u1ed5ng USB<\/td>\n<td width=\"474\">USB 2.0 Type-C<\/td>\n<\/tr>\n<tr>\n<td rowspan=\"2\" width=\"140\">Khe SIM v\u00e0 th\u1ebb TF<\/td>\n<td width=\"474\">\u2022 Khe \u0111\u00f4i cho SIM v\u00e0 th\u1ebb TF<\/td>\n<\/tr>\n<tr>\n<td width=\"474\">\u2022 K\u00edch th\u01b0\u1edbc khe: 12mm x 15mm<\/td>\n<\/tr>\n<tr>\n<td rowspan=\"3\" width=\"140\">\u0110\u00e8n b\u00e1o (LED RGB)<\/td>\n<td width=\"474\">1). \u0110\u00e8n ngu\u1ed3n<\/td>\n<\/tr>\n<tr>\n<td width=\"474\">2). \u0110\u00e8n kh\u00f4ng d\u00e2y (Wireless)<\/td>\n<\/tr>\n<tr>\n<td width=\"474\">3). \u0110\u00e8n b\u00e1o LTE<\/td>\n<\/tr>\n<tr>\n<td width=\"140\">Ph\u01b0\u01a1ng ph\u00e1p l\u1eafp \u0111\u1eb7t<\/td>\n<td width=\"474\">L\u1eafp \u0111\u1eb7t ph\u1eb3ng ho\u1eb7c tr\u1ea7n<\/td>\n<\/tr>\n<tr>\n<td width=\"140\">Nhi\u1ec7t \u0111\u1ed9 ho\u1ea1t \u0111\u1ed9ng<\/td>\n<td width=\"474\">-10\u2103 \u0111\u1ebfn 55\u2103<\/td>\n<\/tr>\n<tr>\n<td width=\"140\">Nhi\u1ec7t \u0111\u1ed9 b\u1ea3o qu\u1ea3n<\/td>\n<td width=\"474\">-20\u2103 \u0111\u1ebfn 65\u2103<\/td>\n<\/tr>\n<tr>\n<td width=\"140\">\u0110\u1ed9 \u1ea9m ho\u1ea1t \u0111\u1ed9ng<\/td>\n<td width=\"474\">10% \u0111\u1ebfn 90%, kh\u00f4ng ng\u01b0ng t\u1ee5<\/td>\n<\/tr>\n<tr>\n<td width=\"140\">\u0110\u1ed9 \u1ea9m b\u1ea3o qu\u1ea3n<\/td>\n<td width=\"474\">10% \u0111\u1ebfn 90%, kh\u00f4ng ng\u01b0ng t\u1ee5<\/td>\n<\/tr>\n<tr>\n<td width=\"140\">Ti\u00eau chu\u1ea9n ch\u1ed1ng b\u1ee5i\/n\u01b0\u1edbc<\/td>\n<td width=\"474\">IP22<\/td>\n<\/tr>\n<\/tbody>\n<\/table>\n<p>Y\u00eau c\u1ea7u v\u1ec1 hi\u1ec7u su\u1ea5t (WiFi, BLE 5.2, Zigbee 3.0, Z-Wave, LTE CAT4, WAN\/LAN)<\/p>\n<table class=\"tg\">\n<thead>\n<tr>\n<td class=\"tg-cly1\">Wi-Fi<br \/>\nPerformance<\/td>\n<td class=\"tg-cly1\">IEEE Wireless LAN standard:<br \/>\nIEEE802.11ac, IEEE802.11n, IEEE802.11g, IEEE802.11b<br \/>\n\u25cf Data Rate:<br \/>\nIEEE 802.11b Standard Mode:1,2,5.5,11Mbps<br \/>\nIEEE 802.11g Standard Mode:6,9,12,18,24,36,48,54 Mbps<br \/>\nIEEE 802.11n: MCS0~MCS7 @ HT20\/ 2.4GHz band<br \/>\nMCS0~MCS7 @ HT40\/ 2.4GHz band<br \/>\nMCS0~MCS9 @ HT40\/ 5GHz band<br \/>\nIEEE 802.11ac: MCS0~MCS9 @ VHT80\/ 5GHz band<br \/>\n\u25cf Sensitivity:<br \/>\nVHT80 MCS9: -60dBm@10% PER(MCS9) \/5GHz band<br \/>\nHT40 MCS9: -63dBm@10% PER(MCS9) \/5GHz band<br \/>\nHT40 MCS7: -70dBm@10% PER(MCS7) \/2.4GHz band<br \/>\nHT20 MCS7: -71dBm@10% PER(MCS7) \/2.4GHz band<br \/>\n\u25cf Transmit Power:<br \/>\nIEEE 802.11ac: 13dBm @HT80 MCS9 \/5GHz band<br \/>\nIEEE 802.11ac: 16dBm @HT80 MCS0 \/5GHz band<br \/>\nIEEE 802.11n: 14dBm @HT20\/40 MCS7 \/5GHz band<br \/>\nIEEE 802.11n: 16dBm @HT20\/40 MCS0 \/5GHz band<br \/>\nIEEE 802.11n: 16dBm @HT20\/40 MCS7 \/2.4GHz band<br \/>\nIEEE 802.11g: 16dBm @54MHz<br \/>\nIEEE 802.11b: 18dBm @11MHz<br \/>\n\u25cf Wireless Security: WPA\/WPA2, WEP, TKIP, and AES<br \/>\n\u25cf Working mode: Bridge, AP Client<br \/>\n\u25cf Range: 50 meters maximum, open field<br \/>\n\u25cf Transmit Power:17dBm<br \/>\n\u25cf Highest Transmission Rate: 300Mbps<br \/>\n\u25cf Frequency offset: +\/- 50KHZ<br \/>\n\u25cf Frequency Range (MHz): 2412.0~2483.5<br \/>\n\u25cf Low Frequency (MHz):2400<br \/>\n\u25cf High Frequency (MHz):2483.5<br \/>\n\u25cf E.i.r.p (Equivalent Isotopically Radiated power) (mW)&lt;100mW<br \/>\n\u25cf Bandwidth (MHz):20MHz\/40MHz<br \/>\n\u25cf Modulation: BPSK\/QPSK, FHSSCCK\/DSSS, 64QAM\/OFDM<\/td>\n<\/tr>\n<\/thead>\n<tbody>\n<tr>\n<td class=\"tg-cly1\">Bluetooth 5.2<br \/>\nPerformance<\/td>\n<td class=\"tg-cly1\">\u25cf TX Power: 19.5dBm<br \/>\n\u25cf Range: 100 meters maximum, open filed<br \/>\n\u25cf Receiving Sensibility:\u00a0-92dBm@0.1%BER, 1Mbps<br \/>\n\u25cf Frequency offset: +\/-20KHZ<br \/>\n\u25cf Frequency Range (MHz):2401.0~2483.5<br \/>\n\u25cf Low Frequency (MHz):2400<br \/>\n\u25cf High Frequency (MHz):2483.5<br \/>\n\u25cf E.i.r.p (Equivalent Isotopically Radiated power) (mW)&lt;10mW<br \/>\n\u25cf Bandwidth (MHz):2MHz<br \/>\n\u25cf Modulation: GFSK<\/td>\n<\/tr>\n<tr>\n<td class=\"tg-cly1\">Zigbee 3.0<br \/>\nPerformance<\/td>\n<td class=\"tg-cly1\">\u25cf TX Power: 17.5dBm<br \/>\n\u25cf Range: 100 meters maximum, open filed<br \/>\n\u25cf Receiving Sensibility: -94dBm<br \/>\n\u25cf Frequency offset: +\/-20KHZ<br \/>\n\u25cf Frequency Range (MHz):2400.0~2483.5<br \/>\n\u25cf Low Frequency (MHz):2400<br \/>\n\u25cf High Frequency (MHz):2483.5<br \/>\n\u25cf E.i.r.p (Equivalent Isotopically Radiated power) (mW)&lt;100mW<br \/>\n\u25cf Bandwidth (MHz):5MHz<br \/>\n\u25cf Modulation: OQPSK<\/td>\n<\/tr>\n<tr>\n<td class=\"tg-cly1\">Z-Wave<br \/>\nPerformance<\/td>\n<td class=\"tg-cly1\">\u25cf TX power up to13dBm(20mW)<br \/>\n\u25cf RX sensitivity: @100kbps-97.5dBm<br \/>\n\u25cf Range: 100 meters maximum, open filed<br \/>\n\u25cf Default Frequency: 916MHz (Different country with different frequency)<\/td>\n<\/tr>\n<tr>\n<td class=\"tg-cly1\">LTE CAT4<\/td>\n<td class=\"tg-cly1\">\u25cf 4GFDD-LTEB1\/B3\/B7\/B8\/B20 (2100\/1800\/2600\/900\/800MHz)<br \/>\n\u25cf TDD-LTE B38\/B39\/B40\/B41 (2600\/1900\/2300\/2500MHz)<br \/>\n\u25cf 3G: DC-HSPA+\/HSPA+\/HSPA\/UMTS B1\/B8 (2100\/900MHz)<\/td>\n<\/tr>\n<tr>\n<td class=\"tg-cly1\">WAN\/LAN<\/td>\n<td class=\"tg-cly1\">10M\/100M\/1000Mbps<\/td>\n<\/tr>\n<\/tbody>\n<\/table>\n<div><\/div>\n<h2>4. Software Feature of ATGW-201 AC1200 WiFi Gigabit Router<\/h2>\n<div>\n<section class=\"elementor-section elementor-top-section elementor-element elementor-element-03f4574 elementor-section-boxed elementor-section-height-default elementor-section-height-default\" data-id=\"03f4574\" data-element_type=\"section\">\n<table class=\"tg\">\n<thead>\n<tr>\n<td class=\"tg-cly1\">Quality of Service<\/td>\n<td class=\"tg-cly1\">Prioritizes network traffic by device or application<\/td>\n<\/tr>\n<\/thead>\n<tbody>\n<tr>\n<td class=\"tg-cly1\">Operating Modes<\/td>\n<td class=\"tg-cly1\">3G\/4G Router, Wireless Router<\/td>\n<\/tr>\n<tr>\n<td class=\"tg-cly1\">WAN Type<\/td>\n<td class=\"tg-cly1\">Dynamic IP\/Static<br \/>\nIP\/PPPoE\/PPTP (Dual Access)\/L2TP (Dual Access)<\/td>\n<\/tr>\n<tr>\n<td class=\"tg-cly1\">Management<\/td>\n<td class=\"tg-cly1\">Access Control, Local Management,<br \/>\nRemote Management reboot schedule<\/td>\n<\/tr>\n<tr>\n<td class=\"tg-cly1\">DHCP<\/td>\n<td class=\"tg-cly1\">Server, Client, DHCP Client List, Address Reservation<\/td>\n<\/tr>\n<tr>\n<td class=\"tg-cly1\">Port Forwarding<\/td>\n<td class=\"tg-cly1\">Virtual Server, Port Triggering, UPnP, DMZ<\/td>\n<\/tr>\n<tr>\n<td class=\"tg-cly1\">Dynamic DNS<\/td>\n<td class=\"tg-cly1\">DynDns, NO-IP<\/td>\n<\/tr>\n<tr>\n<td class=\"tg-cly1\">VPN<\/td>\n<td class=\"tg-cly1\">PPTP VPN, IPSec VPN, OpenVPN<\/td>\n<\/tr>\n<tr>\n<td class=\"tg-cly1\">Access Control<\/td>\n<td class=\"tg-cly1\">Parental Control, Local Management Control<\/td>\n<\/tr>\n<tr>\n<td class=\"tg-cly1\">Firewall Security<\/td>\n<td class=\"tg-cly1\">DoS, SPI Firewall, IP Address Filter\/Domain Filter, IP and MAC Address Binding<\/td>\n<\/tr>\n<tr>\n<td class=\"tg-cly1\">Protocols<\/td>\n<td class=\"tg-cly1\">Supports IPv4 and IPv6<\/td>\n<\/tr>\n<tr>\n<td class=\"tg-cly1\">Guest Network<\/td>\n<td class=\"tg-cly1\">2.4GHz guest network x 1, 5GHz guest network x 1<\/td>\n<\/tr>\n<tr>\n<td class=\"tg-cly1\">IPSec VPN<\/td>\n<td class=\"tg-cly1\">Supports up to 10 IPSec VPN tunnels<\/td>\n<\/tr>\n<\/tbody>\n<\/table>\n<\/section>\n<h2><span style=\"font-size: 16px;\">5. QA Requirement of ATGW-201 Dual Band WiFi Router<\/span><\/h2>\n<\/div>\n<\/div>\n<div>\n<section class=\"elementor-section elementor-top-section elementor-element elementor-element-87f0b39 elementor-section-boxed elementor-section-height-default elementor-section-height-default\" data-id=\"87f0b39\" data-element_type=\"section\">\n<table class=\"tg\" style=\"height: 192px;\" width=\"731\">\n<tbody>\n<tr>\n<td class=\"tg-wa1i\">Information Description<\/td>\n<td class=\"tg-wa1i\">Standard(Yes) custom(No)<\/td>\n<\/tr>\n<tr>\n<td class=\"tg-nrix\">ESD Testing<\/td>\n<td class=\"tg-nrix\">Yes<\/td>\n<\/tr>\n<tr>\n<td class=\"tg-nrix\">RF Antenna Analysis<\/td>\n<td class=\"tg-nrix\">Yes<\/td>\n<\/tr>\n<tr>\n<td class=\"tg-nrix\">Environmental Testing<\/td>\n<td class=\"tg-nrix\">Yes<\/td>\n<\/tr>\n<tr>\n<td class=\"tg-nrix\">Reliability Testing<\/td>\n<td class=\"tg-nrix\">Yes<\/td>\n<\/tr>\n<tr>\n<td class=\"tg-nrix\">Certificationg<\/td>\n<td class=\"tg-nrix\">FCC, CE, RoHS<\/td>\n<\/tr>\n<\/tbody>\n<\/table>\n<\/section>\n<\/div>\n","protected":false},"excerpt":{"rendered":"<p><b>ATGW-201 B\u1ed9 \u0111\u1ecbnh tuy\u1ebfn WiFi b\u0103ng t\u1ea7n k\u00e9p v\u1edbi t\u1ed1c \u0111\u1ed9 kh\u00f4ng d\u00e2y l\u00ean \u0111\u1ebfn 1200 Mbps, c\u00f9ng c\u1ed5ng Gigabit Ethernet v\u00e0 khe c\u1eafm SIM cho 4G LTE CAT4. Kh\u1ea3 n\u0103ng x\u1eed l\u00fd d\u1eef li\u1ec7u m\u1ea1nh m\u1ebd v\u00e0 k\u1ebft n\u1ed1i kh\u00f4ng d\u00e2y linh ho\u1ea1t.<\/b><\/p>\n<p><span style=\"font-weight: 400;\">H\u00e3y \u0111\u1ecdc ti\u1ebfp \u0111\u1ec3 bi\u1ebft danh s\u00e1ch c\u00e1c m\u1eabu, t\u00ednh n\u0103ng, s\u01a1 \u0111\u1ed3 kh\u1ed1i, b\u1ea3n v\u1ebd c\u01a1 kh\u00ed, hi\u1ec7u su\u1ea5t ph\u1ea7n c\u1ee9ng v\u00e0 k\u1ebft n\u1ed1i, c\u0169ng nh\u01b0 ph\u1ea7n m\u1ec1m c\u1ee7a thi\u1ebft b\u1ecb.<\/span><\/p>\n<p><b>M\u1ee5c L\u1ee5c<\/b><\/p>\n<ol>\n<li style=\"font-weight: 400;\" aria-level=\"1\"><span style=\"font-weight: 400;\">M\u00f4 t\u1ea3 s\u1ea3n ph\u1ea9m c\u1ee7a ATGW-201 AC1200 B\u1ed9 \u0111\u1ecbnh tuy\u1ebfn WiFi b\u0103ng t\u1ea7n k\u00e9p<\/span><span style=\"font-weight: 400;\"><br \/>\n<\/span><\/li>\n<li style=\"font-weight: 400;\" aria-level=\"1\"><span style=\"font-weight: 400;\">Y\u00eau c\u1ea7u c\u01a1 kh\u00ed c\u1ee7a ATGW-201 AC1200 B\u1ed9 \u0111\u1ecbnh tuy\u1ebfn WiFi Gigabit b\u0103ng t\u1ea7n k\u00e9p<\/span><span style=\"font-weight: 400;\"><br \/>\n<\/span><\/li>\n<li style=\"font-weight: 400;\" aria-level=\"1\"><span style=\"font-weight: 400;\">Th\u00f4ng s\u1ed1 k\u1ef9 thu\u1eadt c\u1ee7a ATGW-201 AC1200 B\u1ed9 \u0111\u1ecbnh tuy\u1ebfn WiFi b\u0103ng t\u1ea7n k\u00e9p<\/span><span style=\"font-weight: 400;\"><br \/>\n<\/span><\/li>\n<li style=\"font-weight: 400;\" aria-level=\"1\"><span style=\"font-weight: 400;\">T\u00ednh n\u0103ng ph\u1ea7n m\u1ec1m c\u1ee7a ATGW-201 AC1200 WiFi Gigabit Router<\/span><span style=\"font-weight: 400;\"><br \/>\n<\/span><\/li>\n<li style=\"font-weight: 400;\" aria-level=\"1\"><span style=\"font-weight: 400;\">Y\u00eau c\u1ea7u QA c\u1ee7a ATGW-201 B\u1ed9 \u0111\u1ecbnh tuy\u1ebfn WiFi b\u0103ng t\u1ea7n k\u00e9p<\/span><\/li>\n<\/ol>\n<p><span style=\"font-weight: 400;\">DSGW-023 C\u1ed5ng 4G LTE SIM Card<\/span><span style=\"font-weight: 400;\"><br \/>\n<\/span><span style=\"font-weight: 400;\"> DSGW-211 C\u1ed5ng OpenHAB EnOcean<\/span><span style=\"font-weight: 400;\"><br \/>\n<\/span><span style=\"font-weight: 400;\"> DSGK-910 Bo m\u1ea1ch c\u00f4ng nghi\u1ec7p RK3568 \/ Bo nh\u00fang<\/span><\/p>\n<p><b>LI\u00caN H\u1ec6 CH\u00daNG T\u00d4I<\/b><\/p>\n","protected":false},"featured_media":5502,"comment_status":"open","ping_status":"closed","template":"","meta":[],"product_cat":[53],"product_tag":[57],"class_list":{"0":"post-5105","1":"product","2":"type-product","3":"status-publish","4":"has-post-thumbnail","6":"product_cat-bluetooth-iot-gateways","7":"product_tag-dual-band-ac1200-wifi-router","9":"first","10":"instock","11":"shipping-taxable","12":"product-type-simple"},"_links":{"self":[{"href":"https:\/\/antekgroup.vn\/vi\/wp-json\/wp\/v2\/product\/5105","targetHints":{"allow":["GET"]}}],"collection":[{"href":"https:\/\/antekgroup.vn\/vi\/wp-json\/wp\/v2\/product"}],"about":[{"href":"https:\/\/antekgroup.vn\/vi\/wp-json\/wp\/v2\/types\/product"}],"replies":[{"embeddable":true,"href":"https:\/\/antekgroup.vn\/vi\/wp-json\/wp\/v2\/comments?post=5105"}],"wp:featuredmedia":[{"embeddable":true,"href":"https:\/\/antekgroup.vn\/vi\/wp-json\/wp\/v2\/media\/5502"}],"wp:attachment":[{"href":"https:\/\/antekgroup.vn\/vi\/wp-json\/wp\/v2\/media?parent=5105"}],"wp:term":[{"taxonomy":"product_cat","embeddable":true,"href":"https:\/\/antekgroup.vn\/vi\/wp-json\/wp\/v2\/product_cat?post=5105"},{"taxonomy":"product_tag","embeddable":true,"href":"https:\/\/antekgroup.vn\/vi\/wp-json\/wp\/v2\/product_tag?post=5105"}],"curies":[{"name":"wp","href":"https:\/\/api.w.org\/{rel}","templated":true}]}}