{"id":5109,"date":"2025-05-25T05:38:48","date_gmt":"2025-05-25T05:38:48","guid":{"rendered":"https:\/\/antekgroup.vn\/?post_type=product&#038;p=5109"},"modified":"2025-05-26T09:13:17","modified_gmt":"2025-05-26T09:13:17","slug":"atgw-097-mtk7628-zigbee-ble-to-wi-fi-ethernet-cellular-gateway-thong-so-ky-thuat","status":"publish","type":"product","link":"https:\/\/antekgroup.vn\/vi\/product\/atgw-097-mtk7628-zigbee-ble-to-wi-fi-ethernet-cellular-gateway-thong-so-ky-thuat\/","title":{"rendered":"ATGW-097 MTK7628 ZigBee\/BLE to Wi-Fi\/Ethernet\/Cellular Gateway &#8211; Th\u00f4ng s\u1ed1 k\u1ef9 thu\u1eadt"},"content":{"rendered":"<h2><strong>ATGW-097<\/strong><\/h2>\n<h2><img loading=\"lazy\" decoding=\"async\" class=\"size-full wp-image-4793 aligncenter\" src=\"https:\/\/antekgroup.vn\/wp-content\/uploads\/2025\/05\/DSGW-097-300x295-1.png\" alt=\"\" width=\"300\" height=\"295\" \/><\/h2>\n<h2><strong><span style=\"font-size: 16px;\">M\u1eabu m\u00e3 s\u1ea3n ph\u1ea9m ATGW-097 MTK7628 Gateway<\/span><\/strong><\/h2>\n<table class=\"tg\">\n<thead>\n<tr>\n<th class=\"tg-cly1\">Model<\/th>\n<th class=\"tg-cly1\">Wi-Fi 2.4G<\/th>\n<th class=\"tg-cly1\">Bluetooth 5.2<\/th>\n<th class=\"tg-cly1\">Zigbee3.0<\/th>\n<th class=\"tg-cly1\">Enocean<\/th>\n<\/tr>\n<\/thead>\n<tbody>\n<tr>\n<td class=\"tg-cly1\">ATGW-097-1<\/td>\n<td class=\"tg-cly1\">\u25cf<\/td>\n<td class=\"tg-cly1\">\u25cf<\/td>\n<td class=\"tg-cly1\">\u25cf<\/td>\n<td class=\"tg-cly1\">\u25cf<\/td>\n<\/tr>\n<\/tbody>\n<\/table>\n<section data-id=\"c2a52e4\" data-element_type=\"section\"><\/section>\n<h2><b>Gi\u1edbi thi\u1ec7u v\u1ec1 ATGW-097 MTK7628 Gateway<\/b><\/h2>\n<p><span style=\"font-size: 16px;\">ATGW-097 l\u00e0 m\u1ed9t gateway l\u1eafp tr\u1ea7n \u0111\u01b0\u1ee3c s\u1eed d\u1ee5ng trong nh\u00e0 th\u00f4ng minh, ng\u00e0nh an ninh th\u00f4ng minh v\u00e0 d\u1ecbch v\u1ee5 ch\u0103m s\u00f3c ng\u01b0\u1eddi gi\u00e0. \u0110\u00e2y l\u00e0 thi\u1ebft b\u1ecb trung t\u00e2m, h\u1ed7 tr\u1ee3 nhi\u1ec1u giao th\u1ee9c kh\u00f4ng d\u00e2y bao g\u1ed3m Wi-Fi, Zigbee 3.0 v\u00e0 BLE. Ng\u01b0\u1eddi d\u00f9ng c\u00f3 th\u1ec3 k\u1ebft n\u1ed1i m\u1ea1ng th\u00f4ng qua Wi-Fi, Ethernet v\u00e0 m\u1ea1ng di \u0111\u1ed9ng Cellular. B\u00ean c\u1ea1nh \u0111\u00f3, c\u00e1c c\u1ea3m bi\u1ebfn th\u00f4ng minh c\u00f3 th\u1ec3 \u0111\u01b0\u1ee3c k\u1ebft n\u1ed1i qua Zigbee 3.0 v\u00e0 BLE.<\/span><\/p>\n<p><strong>T\u1ed5ng quan t\u00ednh n\u0103ng s\u1ea3n ph\u1ea9m<\/strong><\/p>\n<ul>\n<li style=\"font-weight: 400;\" aria-level=\"1\"><span style=\"font-weight: 400;\">H\u1ec7 \u0111i\u1ec1u h\u00e0nh: Linux@ OpenWrt<\/span><span style=\"font-weight: 400;\"><br \/>\n<\/span><\/li>\n<li style=\"font-weight: 400;\" aria-level=\"1\"><span style=\"font-weight: 400;\">Ngu\u1ed3n c\u1ea5p: USB 5V type C v\u00e0 ngu\u1ed3n PoE qua Ethernet<\/span><span style=\"font-weight: 400;\"><br \/>\n<\/span><\/li>\n<li style=\"font-weight: 400;\" aria-level=\"1\"><span style=\"font-weight: 400;\">B\u1ed9 x\u1eed l\u00fd: MTK7628 (MIPS24KEc, 580MHz)<\/span><span style=\"font-weight: 400;\"><br \/>\n<\/span><\/li>\n<li style=\"font-weight: 400;\" aria-level=\"1\"><span style=\"font-weight: 400;\">RAM: 128MB<\/span><span style=\"font-weight: 400;\"><br \/>\n<\/span><\/li>\n<li style=\"font-weight: 400;\" aria-level=\"1\"><span style=\"font-weight: 400;\">Flash: 16MB<\/span><span style=\"font-weight: 400;\"><br \/>\n<\/span><\/li>\n<li style=\"font-weight: 400;\" aria-level=\"1\"><span style=\"font-weight: 400;\">H\u1ed7 tr\u1ee3 c\u00e1c giao th\u1ee9c IEEE 802.11n, IEEE 802.11g, IEEE 802.11b<\/span><span style=\"font-weight: 400;\"><br \/>\n<\/span><\/li>\n<li style=\"font-weight: 400;\" aria-level=\"1\"><span style=\"font-weight: 400;\">H\u1ed7 tr\u1ee3 Zigbee 3.0 v\u00e0 Thread<\/span><span style=\"font-weight: 400;\"><br \/>\n<\/span><\/li>\n<li style=\"font-weight: 400;\" aria-level=\"1\"><span style=\"font-weight: 400;\">H\u1ed7 tr\u1ee3 BLE 5.2<\/span><span style=\"font-weight: 400;\"><br \/>\n<\/span><\/li>\n<li style=\"font-weight: 400;\" aria-level=\"1\"><span style=\"font-weight: 400;\">H\u1ed7 tr\u1ee3 LTE Cat M1<\/span><span style=\"font-weight: 400;\"><br \/>\n<\/span><\/li>\n<li style=\"font-weight: 400;\" aria-level=\"1\"><span style=\"font-weight: 400;\">M\u1ed9t c\u1ed5ng m\u1ea1ng WAN\/LAN c\u00f3 th\u1ec3 thay \u0111\u1ed5i<\/span><span style=\"font-weight: 400;\"><br \/>\n<\/span><\/li>\n<li style=\"font-weight: 400;\" aria-level=\"1\"><span style=\"font-weight: 400;\">H\u1ed7 tr\u1ee3 EnOcean, TCM310<\/span><\/li>\n<\/ul>\n<p><strong>S\u01a1 \u0111\u1ed3 kh\u1ed1i ph\u1ea7n c\u1ee9ng<\/strong><\/p>\n<p><img loading=\"lazy\" decoding=\"async\" class=\"attachment-large size-large wp-image-23022 aligncenter\" title=\"DSGW-097 MTK7628 ZigBee\/BLE to Wi-Fi\/Ethernet\/Cellular Gateway Specification 2\" src=\"https:\/\/antekgroup.vn\/wp-content\/uploads\/2025\/05\/atgw-097-mtk7628-zigbee-ble-to-wi-fi-ethernet-cellular-gateway-specification-3236-1.jpg\" sizes=\"auto, (max-width: 715px) 100vw, 715px\" srcset=\"https:\/\/antekgroup.vn\/wp-content\/uploads\/2025\/05\/atgw-097-mtk7628-zigbee-ble-to-wi-fi-ethernet-cellular-gateway-specification-3236-1.jpg 715w, https:\/\/www.dusuniot.com\/wp-content\/uploads\/2023\/02\/d2570e37b1b2ea5fb3d13e7b0f724ff-600x373.png 600w, https:\/\/www.dusuniot.com\/wp-content\/uploads\/2023\/02\/d2570e37b1b2ea5fb3d13e7b0f724ff-300x186.png 300w\" alt=\"block diagram of MTK7628 ZigBee\/BLE\/Z-wave to Wi-Fi\/Ethernet\/Cellular Gateway\" width=\"715\" height=\"444\" \/><\/p>\n<h2><b>Y\u00eau c\u1ea7u c\u01a1 kh\u00ed c\u1ee7a Gateway ATGW-097 MTK7628<\/b><\/h2>\n<p><span style=\"font-size: 16px;\">B\u1ea3n v\u1ebd<\/span><\/p>\n<p><img loading=\"lazy\" decoding=\"async\" class=\"attachment-large size-large wp-image-22991 aligncenter\" title=\"DSGW-097 MTK7628 ZigBee\/BLE to Wi-Fi\/Ethernet\/Cellular Gateway Specification 3\" src=\"https:\/\/antekgroup.vn\/wp-content\/uploads\/2025\/05\/atgw-097-mtk7628-zigbee-ble-to-wi-fi-ethernet-cellular-gateway-specification-3236-2.jpg\" sizes=\"auto, (max-width: 792px) 100vw, 792px\" srcset=\"https:\/\/antekgroup.vn\/wp-content\/uploads\/2025\/05\/atgw-097-mtk7628-zigbee-ble-to-wi-fi-ethernet-cellular-gateway-specification-3236-2.jpg 792w, https:\/\/www.dusuniot.com\/wp-content\/uploads\/2023\/02\/2e81387bb8974e2be9038bbe9629ba4-600x368.png 600w, https:\/\/www.dusuniot.com\/wp-content\/uploads\/2023\/02\/2e81387bb8974e2be9038bbe9629ba4-300x184.png 300w, https:\/\/www.dusuniot.com\/wp-content\/uploads\/2023\/02\/2e81387bb8974e2be9038bbe9629ba4-768x471.png 768w\" alt=\"mechanical drawings of subg to wifi\/ethernet gateway\" width=\"792\" height=\"486\" \/><\/p>\n<p><img loading=\"lazy\" decoding=\"async\" class=\"attachment-large size-large wp-image-23026 aligncenter\" title=\"DSGW-097 MTK7628 ZigBee\/BLE to Wi-Fi\/Ethernet\/Cellular Gateway Specification 4\" src=\"https:\/\/antekgroup.vn\/wp-content\/uploads\/2025\/05\/atgw-097-mtk7628-zigbee-ble-to-wi-fi-ethernet-cellular-gateway-specification-3236-3.jpg\" sizes=\"auto, (max-width: 376px) 100vw, 376px\" srcset=\"https:\/\/antekgroup.vn\/wp-content\/uploads\/2025\/05\/atgw-097-mtk7628-zigbee-ble-to-wi-fi-ethernet-cellular-gateway-specification-3236-3.jpg 376w, https:\/\/www.dusuniot.com\/wp-content\/uploads\/2023\/02\/interface-292x300.jpg 292w\" alt=\"interface of MTK7628 ZigBee\/BLE\/Z-wave to Wi-Fi\/Ethernet\/Cellular Gateway\" width=\"376\" height=\"386\" \/><\/p>\n<h2><b>Th\u00f4ng s\u1ed1 k\u1ef9 thu\u1eadt c\u1ee7a Gateway ATGW-097 MTK7628<\/b><\/h2>\n<div>\n<table style=\"height: 316px;\" width=\"1097\">\n<tbody>\n<tr>\n<td width=\"140\"><strong>Th\u00f4ng s\u1ed1 k\u1ef9 thu\u1eadt<\/strong><\/td>\n<td style=\"text-align: center;\" width=\"474\"><strong>M\u00f4 t\u1ea3<\/strong><\/td>\n<\/tr>\n<tr>\n<td width=\"140\">Ngu\u1ed3n c\u1ea5p (Power Adapter)<\/td>\n<td width=\"474\">Input: 100V240V AC\/5060Hz; Output: 5V\/2A, Micro USB<\/td>\n<\/tr>\n<tr>\n<td width=\"140\">Ethernet<\/td>\n<td width=\"474\">H\u1ed7 tr\u1ee3 m\u1ea1ng CAT-5\/CAT-5E \u0111\u1ec3 truy\u1ec1n d\u1eef li\u1ec7u v\u00e0 c\u1ea5p ngu\u1ed3n PoE (d\u1ea3i \u0111i\u1ec7n \u00e1p 44~57V). C\u1ed5ng WAN\/LAN c\u00f3 th\u1ec3 thay \u0111\u1ed5i.<\/td>\n<\/tr>\n<tr>\n<td width=\"140\">\u0110\u00e8n LED b\u00e1o hi\u1ec7u (Indicator LEDs)<\/td>\n<td width=\"474\">\u0110\u00e8n Power s\u00e1ng khi b\u1eadt ngu\u1ed3n. \u0110\u00e8n Zigbee nh\u1ea5p nh\u00e1y khi c\u00f3 t\u00edn hi\u1ec7u. \u0110\u00e8n Wi-Fi s\u00e1ng sau khi k\u1ebft n\u1ed1i Wi-Fi 1-2 gi\u00e2y.<\/td>\n<\/tr>\n<tr>\n<td width=\"140\">N\u00fat Reset<\/td>\n<td width=\"474\">N\u00fat reset d\u1ea1ng l\u1ed7. Nh\u1ea5n gi\u1eef tr\u00ean 5 gi\u00e2y \u0111\u1ec3 kh\u00f4i ph\u1ee5c c\u00e0i \u0111\u1eb7t g\u1ed1c.<\/td>\n<\/tr>\n<tr>\n<td width=\"140\">Nhi\u1ec7t \u0111\u1ed9 ho\u1ea1t \u0111\u1ed9ng<\/td>\n<td width=\"474\">-10\u2103 ~ 55\u2103<\/td>\n<\/tr>\n<\/tbody>\n<\/table>\n<h3 class=\"elementor-heading-title elementor-size-default\"><b>Y\u00eau c\u1ea7u hi\u1ec7u n\u0103ng<\/b><\/h3>\n<div>\n<table class=\"tg\">\n<tbody>\n<tr>\n<td class=\"tg-cly1\">Wi-Fi Performance<\/td>\n<td class=\"tg-cly1\">&#8211; Chu\u1ea9n m\u1ea1ng kh\u00f4ng d\u00e2y IEEE: 802.11n, 802.11g, 802.11b<br \/>\n&#8211; T\u1ed1c \u0111\u1ed9 d\u1eef li\u1ec7u:<br \/>\n\u2022 802.11b: 1, 2, 5.5, 11 Mbps<br \/>\n\u2022 802.11g: 6, 9, 12, 18, 24, 36, 48, 54 Mbps<br \/>\n\u2022 802.11n: MCS0~MCS7 @ HT20, 2.4GHz<br \/>\n&#8211; \u0110\u1ed9 nh\u1ea1y thu (Sensitivity):<br \/>\n\u2022 HT40 MCS7: -70dBm @ 10% PER<br \/>\n\u2022 HT20 MCS7: -71dBm @ 10% PER<br \/>\n&#8211; C\u00f4ng su\u1ea5t ph\u00e1t (Transmit Power):<br \/>\n\u2022 802.11n: 16dBm @ HT20\/40 MCS7, 2.4GHz<br \/>\n\u2022 802.11g: 16dBm @ 54MHz<br \/>\n\u2022 802.11b: 18dBm @ 11MHz<br \/>\n&#8211; B\u1ea3o m\u1eadt kh\u00f4ng d\u00e2y: WPA\/WPA2, WEP, TKIP, AES<br \/>\n&#8211; Ch\u1ebf \u0111\u1ed9 ho\u1ea1t \u0111\u1ed9ng: Bridge, Gateway, AP Client<br \/>\n&#8211; Kho\u1ea3ng c\u00e1ch: t\u1ed1i thi\u1ec3u 50m trong m\u00f4i tr\u01b0\u1eddng m\u1edf<br \/>\n&#8211; T\u1ed1c \u0111\u1ed9 truy\u1ec1n cao nh\u1ea5t: 300Mbps<br \/>\n&#8211; D\u1ea3i t\u1ea7n s\u1ed1: 2412.0 ~ 2483.5 MHz<br \/>\n&#8211; C\u00f4ng su\u1ea5t b\u1ee9c x\u1ea1 t\u01b0\u01a1ng \u0111\u01b0\u01a1ng (E.i.r.p): &lt; 100mW<br \/>\n&#8211; B\u0103ng th\u00f4ng: 20MHz\/40MHz<br \/>\n&#8211; \u0110i\u1ec1u ch\u1ebf: BPSK\/QPSK, FHSS CCK\/DSSS, 64QAM\/OFDM<\/td>\n<\/tr>\n<tr>\n<td class=\"tg-cly1\">Hi\u1ec7u n\u0103ng Zigbee 3.0<\/td>\n<td class=\"tg-cly1\">&#8211; C\u00f4ng su\u1ea5t ph\u00e1t (TX Power): 19.5dBm<br \/>\n&#8211; Kho\u1ea3ng c\u00e1ch: t\u1ed1i thi\u1ec3u 100m trong m\u00f4i tr\u01b0\u1eddng m\u1edf<br \/>\n&#8211; \u0110\u1ed9 nh\u1ea1y thu: -94dBm<br \/>\n&#8211; \u0110\u1ed9 l\u1ec7ch t\u1ea7n s\u1ed1: \u00b120kHz<\/td>\n<\/tr>\n<tr>\n<td class=\"tg-cly1\">Hi\u1ec7u n\u0103ng Bluetooth<\/td>\n<td class=\"tg-cly1\">&#8211; Chu\u1ea9n Bluetooth: Bluetooth 5.2<br \/>\n&#8211; C\u00f4ng su\u1ea5t ph\u00e1t: 19.5dBm<br \/>\n&#8211; Kho\u1ea3ng c\u00e1ch: t\u1ed1i thi\u1ec3u 150m trong m\u00f4i tr\u01b0\u1eddng m\u1edf<br \/>\n&#8211; \u0110\u1ed9 nh\u1ea1y thu: -93dBm @ 0.1% BER<br \/>\n&#8211; \u0110\u1ed9 l\u1ec7ch t\u1ea7n s\u1ed1: \u00b120kHz<br \/>\n&#8211; H\u1ed7 tr\u1ee3 BLE \u1edf c\u1ea3 vai tr\u00f2 trung t\u00e2m v\u00e0 ngo\u1ea1i vi<\/td>\n<\/tr>\n<tr>\n<td class=\"tg-cly1\">LTE cat1<\/td>\n<td class=\"tg-cly1\">&#8211; LTE-FDD: h\u1ed7 tr\u1ee3 c\u00e1c b\u0103ng t\u1ea7n B1\/B2\/B3\/B4\/B5\/B8\/B12\/B13\/B18\/B19\/B20\/B25\/B26\/B27\/B28\/B31\/B66\/B71, NB2, v.v.<br \/>\n&#8211; EGPRS: 850\/900\/1800\/1900 MHz<\/td>\n<\/tr>\n<tr>\n<td class=\"tg-cly1\">Ethernet<\/td>\n<td class=\"tg-cly1\"><span style=\"font-weight: 400;\">&#8211; T\u1ed1c \u0111\u1ed9<\/span>10\/100Mbps<\/td>\n<\/tr>\n<\/tbody>\n<\/table>\n<p>&nbsp;<\/p>\n<div>\n<div>\n<div>\n<div>\n<div>\n<div>\n<table style=\"height: 310px;\" width=\"884\">\n<tbody>\n<tr>\n<td width=\"140\"><strong>Y\u00eau c\u1ea7u ch\u1ea5t l\u01b0\u1ee3ng (QA Requirements)<\/strong><\/td>\n<td style=\"text-align: center;\" width=\"474\"><strong>Th\u00f4ng tin ki\u1ec3m th\u1eed<\/strong><\/td>\n<\/tr>\n<tr>\n<td width=\"140\">Ki\u1ec3m tra ESD (ESD Testing)<\/td>\n<td width=\"474\">C\u00f3 (YES)<\/td>\n<\/tr>\n<tr>\n<td width=\"140\">Ph\u00e2n t\u00edch anten RF (RF Antenna Analysis)<\/td>\n<td width=\"474\">C\u00f3 (YES)<\/td>\n<\/tr>\n<tr>\n<td width=\"140\">Ki\u1ec3m tra m\u00f4i tr\u01b0\u1eddng (Environmental Testing)<\/td>\n<td width=\"474\">C\u00f3 (YES)<\/td>\n<\/tr>\n<tr>\n<td width=\"140\">Ki\u1ec3m tra \u0111\u1ed9 b\u1ec1n (Reliability Testing)<\/td>\n<td width=\"474\">C\u00f3 (YES)<\/td>\n<\/tr>\n<tr>\n<td width=\"140\">Ch\u1ee9ng nh\u1eadn (Certification)<\/td>\n<td width=\"474\">FCC, CE, IC, Z-Wave Plus, RoHS<\/td>\n<\/tr>\n<\/tbody>\n<\/table>\n<\/div>\n<\/div>\n<\/div>\n<\/div>\n<\/div>\n<\/div>\n<\/div>\n<\/div>\n","protected":false},"excerpt":{"rendered":"<p><span style=\"font-weight: 400;\">ATGW-097 MTK7628 Gateway \u0111a giao th\u1ee9c c\u00f3 th\u1ec3 l\u1eafp \u0111\u1eb7t tr\u00ean tr\u1ea7n nh\u00e0. Thi\u1ebft b\u1ecb h\u1ed7 tr\u1ee3 chuy\u1ec3n \u0111\u1ed5i ZigBee\/BLE sang Wi-Fi\/Ethernet\/Cellular.<\/span><\/p>\n<p><span style=\"font-weight: 400;\">Ti\u1ebfp t\u1ee5c \u0111\u1ecdc \u0111\u1ec3 bi\u1ebft danh s\u00e1ch c\u00e1c m\u1eabu, t\u00ednh n\u0103ng, s\u01a1 \u0111\u1ed3 kh\u1ed1i, thi\u1ebft k\u1ebf c\u01a1 kh\u00ed, th\u00f4ng s\u1ed1 ph\u1ea7n c\u1ee9ng, hi\u1ec7u su\u1ea5t k\u1ebft n\u1ed1i v\u00e0 th\u00f4ng tin ki\u1ec3m tra ch\u1ea5t l\u01b0\u1ee3ng.<\/span><\/p>\n<p><b>M\u1ee5c L\u1ee5c<\/b><\/p>\n<ul>\n<li style=\"font-weight: 400;\" aria-level=\"1\"><span style=\"font-weight: 400;\">Danh s\u00e1ch m\u1eabu Gateway ATGW-097 MTK7628<\/span><span style=\"font-weight: 400;\"><br \/>\n<\/span><\/li>\n<li style=\"font-weight: 400;\" aria-level=\"1\"><span style=\"font-weight: 400;\">Gi\u1edbi thi\u1ec7u Gateway ATGW-097 MTK7628<\/span><span style=\"font-weight: 400;\"><br \/>\n<\/span><\/li>\n<li style=\"font-weight: 400;\" aria-level=\"1\"><span style=\"font-weight: 400;\">Y\u00eau c\u1ea7u c\u01a1 kh\u00ed Gateway ATGW-097 MTK7628<\/span><span style=\"font-weight: 400;\"><br \/>\n<\/span><\/li>\n<li style=\"font-weight: 400;\" aria-level=\"1\"><span style=\"font-weight: 400;\">Th\u00f4ng s\u1ed1 k\u1ef9 thu\u1eadt Gateway ATGW-097 MTK7628<\/span><span style=\"font-weight: 400;\"><br \/>\n<\/span><\/li>\n<li style=\"font-weight: 400;\" aria-level=\"1\"><span style=\"font-weight: 400;\">Th\u00f4ng s\u1ed1 k\u1ef9 thu\u1eadt chi ti\u1ebft<\/span><span style=\"font-weight: 400;\"><br \/>\n<\/span><\/li>\n<li style=\"font-weight: 400;\" aria-level=\"1\"><span style=\"font-weight: 400;\">Y\u00eau c\u1ea7u hi\u1ec7u su\u1ea5t<\/span><span style=\"font-weight: 400;\"><br \/>\n<\/span><\/li>\n<li style=\"font-weight: 400;\" aria-level=\"1\"><span style=\"font-weight: 400;\">Y\u00eau c\u1ea7u \u0111\u1ea3m b\u1ea3o ch\u1ea5t l\u01b0\u1ee3ng (QA) Gateway ATGW-097 MTK7628<\/span><span style=\"font-weight: 400;\"><br \/>\n<\/span><\/li>\n<li style=\"font-weight: 400;\" aria-level=\"1\"><span style=\"font-weight: 400;\">Th\u00f4ng s\u1ed1 Gateway th\u00f4ng minh v\u1edbi ph\u00edch c\u1eafm AC<\/span><span style=\"font-weight: 400;\"><br \/>\n<\/span><\/li>\n<li style=\"font-weight: 400;\" aria-level=\"1\"><span style=\"font-weight: 400;\">Gateway DSGW-014 LoRaWAN ngo\u00e0i tr\u1eddi<\/span><span style=\"font-weight: 400;\"><br \/>\n<\/span><\/li>\n<li style=\"font-weight: 400;\" aria-level=\"1\"><span style=\"font-weight: 400;\">Module DSM-054 Silicon Labs EFR32BG21B BLE Bluetooth Low Energy v\u1edbi Secure Vault<\/span><span style=\"font-weight: 400;\"><br \/>\n<\/span><\/li>\n<\/ul>\n<p><span style=\"font-weight: 400;\">Li\u00ean h\u1ec7 ch\u00fang t\u00f4i<\/span><span style=\"font-weight: 400;\"><br \/>\n<\/span><\/p>\n","protected":false},"featured_media":4794,"comment_status":"open","ping_status":"closed","template":"","meta":[],"product_cat":[53],"product_tag":[59],"class_list":{"0":"post-5109","1":"product","2":"type-product","3":"status-publish","4":"has-post-thumbnail","6":"product_cat-bluetooth-iot-gateways","7":"product_tag-zigbee-ble-to-wi-fi-ethernet-cellular-gateway","9":"first","10":"instock","11":"shipping-taxable","12":"product-type-simple"},"_links":{"self":[{"href":"https:\/\/antekgroup.vn\/vi\/wp-json\/wp\/v2\/product\/5109","targetHints":{"allow":["GET"]}}],"collection":[{"href":"https:\/\/antekgroup.vn\/vi\/wp-json\/wp\/v2\/product"}],"about":[{"href":"https:\/\/antekgroup.vn\/vi\/wp-json\/wp\/v2\/types\/product"}],"replies":[{"embeddable":true,"href":"https:\/\/antekgroup.vn\/vi\/wp-json\/wp\/v2\/comments?post=5109"}],"wp:featuredmedia":[{"embeddable":true,"href":"https:\/\/antekgroup.vn\/vi\/wp-json\/wp\/v2\/media\/4794"}],"wp:attachment":[{"href":"https:\/\/antekgroup.vn\/vi\/wp-json\/wp\/v2\/media?parent=5109"}],"wp:term":[{"taxonomy":"product_cat","embeddable":true,"href":"https:\/\/antekgroup.vn\/vi\/wp-json\/wp\/v2\/product_cat?post=5109"},{"taxonomy":"product_tag","embeddable":true,"href":"https:\/\/antekgroup.vn\/vi\/wp-json\/wp\/v2\/product_tag?post=5109"}],"curies":[{"name":"wp","href":"https:\/\/api.w.org\/{rel}","templated":true}]}}